{"id":4057,"date":"2022-01-31T11:35:30","date_gmt":"2022-01-31T11:35:30","guid":{"rendered":"https:\/\/www.cinemasoul.es\/?post_type=product&#038;p=4057"},"modified":"2022-01-31T11:37:01","modified_gmt":"2022-01-31T11:37:01","slug":"y-el-mundo-marcha-dvd","status":"publish","type":"product","link":"https:\/\/cinemasoul.es\/?product=y-el-mundo-marcha-dvd","title":{"rendered":"Y el mundo marcha [DVD]"},"content":{"rendered":"<p>John Sims (James Murray) es un joven que encuentra trabajo de contable en una gran empresa de Nueva York. Su vida es mon\u00f3tona y est\u00e1 vac\u00eda. De ni\u00f1o siempre so\u00f1\u00f3 con grandes logros, pero por alguna raz\u00f3n parecen eludirlo. Desde la muerte de su padre, con 12 a\u00f1os, tuvo que conformarse con lo que la vida le deparaba. Un d\u00eda un compa\u00f1ero de trabajo y amigo de la infancia le prepara una cita a ciegas. Es cuando conoce a Mary (Eleanor Boardman) y tras una agradable velada ambos se enamoran y no tardan en casarse. La familia de Mary se opone al matrimonio y la vida de John se vuelve un infierno, pero la llegada de un ni\u00f1o arregla las cosas. Pasan los a\u00f1os y la relaci\u00f3n de la pareja es tensa por la falta de logros de John en el trabajo, cuya mediocridad irrita a Mary. La muerte de uno de sus hijos es el detonante para la separaci\u00f3n, que llevar\u00e1 a John al borde del suicidio.<\/p>\n","protected":false},"excerpt":{"rendered":"<p>John Sims (James Murray) es un joven que encuentra trabajo de contable en una gran empresa de Nueva York. Su vida es mon\u00f3tona y est\u00e1 vac\u00eda. De ni\u00f1o siempre so\u00f1\u00f3 con grandes logros, pero por alguna raz\u00f3n parecen eludirlo. Desde la muerte de su padre, con 12 a\u00f1os, tuvo que conformarse con lo que la [&hellip;]<\/p>\n","protected":false},"featured_media":4058,"comment_status":"open","ping_status":"closed","template":"","meta":{"site-sidebar-layout":"default","site-content-layout":"default","ast-site-content-layout":"default","site-content-style":"default","site-sidebar-style":"default","ast-global-header-display":"","ast-banner-title-visibility":"","ast-main-header-display":"","ast-hfb-above-header-display":"","ast-hfb-below-header-display":"","ast-hfb-mobile-header-display":"","site-post-title":"","ast-breadcrumbs-content":"","ast-featured-img":"","footer-sml-layout":"","ast-disable-related-posts":"","theme-transparent-header-meta":"","adv-header-id-meta":"","stick-header-meta":"","header-above-stick-meta":"","header-main-stick-meta":"","header-below-stick-meta":"","astra-migrate-meta-layouts":"default","ast-page-background-enabled":"default","ast-page-background-meta":{"desktop":{"background-color":"","background-image":"","background-repeat":"repeat","background-position":"center center","background-size":"auto","background-attachment":"scroll","background-type":"","background-media":"","overlay-type":"","overlay-color":"","overlay-opacity":"","overlay-gradient":""},"tablet":{"background-color":"","background-image":"","background-repeat":"repeat","background-position":"center center","background-size":"auto","background-attachment":"scroll","background-type":"","background-media":"","overlay-type":"","overlay-color":"","overlay-opacity":"","overlay-gradient":""},"mobile":{"background-color":"","background-image":"","background-repeat":"repeat","background-position":"center center","background-size":"auto","background-attachment":"scroll","background-type":"","background-media":"","overlay-type":"","overlay-color":"","overlay-opacity":"","overlay-gradient":""}},"ast-content-background-meta":{"desktop":{"background-color":"var(--ast-global-color-5)","background-image":"","background-repeat":"repeat","background-position":"center center","background-size":"auto","background-attachment":"scroll","background-type":"","background-media":"","overlay-type":"","overlay-color":"","overlay-opacity":"","overlay-gradient":""},"tablet":{"background-color":"var(--ast-global-color-5)","background-image":"","background-repeat":"repeat","background-position":"center center","background-size":"auto","background-attachment":"scroll","background-type":"","background-media":"","overlay-type":"","overlay-color":"","overlay-opacity":"","overlay-gradient":""},"mobile":{"background-color":"var(--ast-global-color-5)","background-image":"","background-repeat":"repeat","background-position":"center center","background-size":"auto","background-attachment":"scroll","background-type":"","background-media":"","overlay-type":"","overlay-color":"","overlay-opacity":"","overlay-gradient":""}},"_joinchat":[]},"product_brand":[],"product_cat":[42],"product_tag":[],"class_list":{"0":"post-4057","1":"product","2":"type-product","3":"status-publish","4":"has-post-thumbnail","6":"product_cat-dvd","7":"desktop-align-left","8":"tablet-align-left","9":"mobile-align-left","11":"first","12":"instock","13":"shipping-taxable","14":"purchasable","15":"product-type-simple"},"_links":{"self":[{"href":"https:\/\/cinemasoul.es\/index.php?rest_route=\/wp\/v2\/product\/4057","targetHints":{"allow":["GET"]}}],"collection":[{"href":"https:\/\/cinemasoul.es\/index.php?rest_route=\/wp\/v2\/product"}],"about":[{"href":"https:\/\/cinemasoul.es\/index.php?rest_route=\/wp\/v2\/types\/product"}],"replies":[{"embeddable":true,"href":"https:\/\/cinemasoul.es\/index.php?rest_route=%2Fwp%2Fv2%2Fcomments&post=4057"}],"version-history":[{"count":2,"href":"https:\/\/cinemasoul.es\/index.php?rest_route=\/wp\/v2\/product\/4057\/revisions"}],"predecessor-version":[{"id":4060,"href":"https:\/\/cinemasoul.es\/index.php?rest_route=\/wp\/v2\/product\/4057\/revisions\/4060"}],"wp:featuredmedia":[{"embeddable":true,"href":"https:\/\/cinemasoul.es\/index.php?rest_route=\/wp\/v2\/media\/4058"}],"wp:attachment":[{"href":"https:\/\/cinemasoul.es\/index.php?rest_route=%2Fwp%2Fv2%2Fmedia&parent=4057"}],"wp:term":[{"taxonomy":"product_brand","embeddable":true,"href":"https:\/\/cinemasoul.es\/index.php?rest_route=%2Fwp%2Fv2%2Fproduct_brand&post=4057"},{"taxonomy":"product_cat","embeddable":true,"href":"https:\/\/cinemasoul.es\/index.php?rest_route=%2Fwp%2Fv2%2Fproduct_cat&post=4057"},{"taxonomy":"product_tag","embeddable":true,"href":"https:\/\/cinemasoul.es\/index.php?rest_route=%2Fwp%2Fv2%2Fproduct_tag&post=4057"}],"curies":[{"name":"wp","href":"https:\/\/api.w.org\/{rel}","templated":true}]}}