{"id":4054,"date":"2022-01-31T11:03:21","date_gmt":"2022-01-31T11:03:21","guid":{"rendered":"https:\/\/www.cinemasoul.es\/?post_type=product&#038;p=4054"},"modified":"2022-04-05T17:27:08","modified_gmt":"2022-04-05T17:27:08","slug":"my-fair-lady-dvd","status":"publish","type":"product","link":"https:\/\/cinemasoul.es\/?product=my-fair-lady-dvd","title":{"rendered":"My Fair Lady [DVD]"},"content":{"rendered":"","protected":false},"excerpt":{"rendered":"<p><em>\u201cEl musical m\u00e1s cautivador ahora en DVD\u201d<\/em><\/p>\n<p><strong>Protagonizada <\/strong>por\u00a0Audrey Hepburn, Rex Harrison\u00a0<strong>Coprotagonizada <\/strong>por\u00a0Stanley Holloway, Wildrid Hyde-White, Gladys Cooper, Jeremy Brett y Theodore Bikel\u00a0Basada en la<strong> obra de teatro<\/strong>\u00a0\u201cMy Fair Lady\u201d\u00a0<strong>Libro y letras <\/strong>de canciones de\u00a0Alan Jay Lerner\u00a0<strong>M\u00fasica <\/strong>de\u00a0Frederick Loewe\u00a0<strong>Producida <\/strong>por\u00a0Herman Levin\u00a0De la <strong>obra de teatro <\/strong>de\u00a0Bernard Shaw\u00a0<strong>Producci\u00f3n y vestuario <\/strong>de\u00a0Cecil Beaton\u00a0<strong>M\u00fasica <\/strong>supervisada por\u00a0Andre Previn\u00a0<strong>Gui\u00f3n <\/strong>de\u00a0Alan Jay Lerner\u00a0<strong>Producida <\/strong>por\u00a0Jack L. Warner\u00a0<strong>Dirigida <\/strong>por\u00a0George Cukor\u00a0<strong>Restaurada <\/strong>por\u00a0Robert A. Harris y James C. Katz\u00a0Technicolor Superpanavision 70 \u00ae<\/p>\n<p><strong>Idiomas<\/strong>\u00a0en Dolby Digital 5.1: Ingl\u00e9s. En Mono: Castellano\/Alem\u00e1n.\u00a0<strong>Subt\u00edtulos<\/strong>: Ingl\u00e9s\/ Alem\u00e1n\/ Castellano\/ Holand\u00e9s\/ Sueco\/ Noruego\/ Dan\u00e9s\/ Finland\u00e9s\/ Portugu\u00e9s\/ Hebreo\/ Polaco\/ Griego\/ Checo\/ Turco\/ H\u00fangaro\/ Island\u00e9s\/ Croata\/ Franc\u00e9s\/ Italiano\/\u00a0<strong>Ingl\u00e9s para sordos<\/strong>\/ Alem\u00e1n para sordos.\u00a0PARA \u00c1MBITO DOM\u00c9STICO.\u00a0AUTORIZADA TODOS LOS P\u00daBLICOS.\u00a0<strong>DURACI\u00d3N:<\/strong>\u00a0166\u2019 APROX.\u00a0<strong>CERTIFICACI\u00d3N DE CALIFICACI\u00d3N<\/strong>: N\u00ba 61.381.\u00a0Formato de capas de lectura.\u00a0<strong>DEP\u00d3SITO LEGAL<\/strong>: TF.2350-2007.\u00a0COMPATIBLE CON TODOS LOS FORMATOS DE PANTALLA DE TELEVISI\u00d3N.\u00a0<strong>Formato de pantalla<\/strong>: 16:9 (2.21:1)<\/p>\n<p>Recientemente restaurada en 1994, la aclamada versi\u00f3n cinematogr\u00e1fica del\u00a0<em>My Fair Lady<\/em>\u00a0de Alan Jay Lerner y Loewe, resulta prodigiosa, conmovedora y ha sido merecedora de 8 Oscars\u00ae* en 1964, incluyendo el Premio de la Academia \u2122 a la Mejor Pel\u00edcula y Mejor Director (George Cukor).\u00a0El ganador del Oscar\u00aeRex Harrison vuelve a interpretar el papel que represent\u00f3 en el teatro como Henry Higgins, el sumamente confiado profesor de fon\u00e9tica, quien asegura que bajo su tutela una pobre vendedora de flores, Eliza Doolittle, podr\u00eda hacerse pasar por una duquesa en el baile de la Embajada. En una de sus actuaciones m\u00e1s queridas, Audrie Hepburn interpreta el conmovedor papel de Eliza. Si hubiera alguien capaz de conseguir el afecto del profesor, s\u00f3lo podr\u00eda tratarse de ella. Probablemente no existe en el mundo nadie m\u00e1s cautivador que Audrie Hepburn interpretando\u00a0<em>My Fair Lady<\/em>, uno de los musicales m\u00e1s irresistibles que jam\u00e1s se hayan realizado.<\/p>\n<p><strong>CARACTER\u00cdSTICAS ESPECIALES<\/strong><\/p>\n<ul>\n<li>TRAILER CINEMATOGR\u00c1FICO<\/li>\n<li>DOCUMENTAL: <em>My Fair Lady<\/em><\/li>\n<li>TEMAS MUSICALES INTERPRETADOS POR AUDRIE HEPBURN: Wouldn\u2019t\u00a0 It Be Lovely?, Show Me,<\/li>\n<li>COMENTARIO DEL EQUIPO DE RESTAURACI\u00d3N: R. Harris, James Katz, M. Nixon y el Director Art\u00edstico G. Allen<\/li>\n<\/ul>\n","protected":false},"featured_media":4513,"comment_status":"open","ping_status":"closed","template":"","meta":{"site-sidebar-layout":"default","site-content-layout":"default","ast-site-content-layout":"default","site-content-style":"default","site-sidebar-style":"default","ast-global-header-display":"","ast-banner-title-visibility":"","ast-main-header-display":"","ast-hfb-above-header-display":"","ast-hfb-below-header-display":"","ast-hfb-mobile-header-display":"","site-post-title":"","ast-breadcrumbs-content":"","ast-featured-img":"","footer-sml-layout":"","ast-disable-related-posts":"","theme-transparent-header-meta":"","adv-header-id-meta":"","stick-header-meta":"","header-above-stick-meta":"","header-main-stick-meta":"","header-below-stick-meta":"","astra-migrate-meta-layouts":"default","ast-page-background-enabled":"default","ast-page-background-meta":{"desktop":{"background-color":"","background-image":"","background-repeat":"repeat","background-position":"center center","background-size":"auto","background-attachment":"scroll","background-type":"","background-media":"","overlay-type":"","overlay-color":"","overlay-opacity":"","overlay-gradient":""},"tablet":{"background-color":"","background-image":"","background-repeat":"repeat","background-position":"center center","background-size":"auto","background-attachment":"scroll","background-type":"","background-media":"","overlay-type":"","overlay-color":"","overlay-opacity":"","overlay-gradient":""},"mobile":{"background-color":"","background-image":"","background-repeat":"repeat","background-position":"center center","background-size":"auto","background-attachment":"scroll","background-type":"","background-media":"","overlay-type":"","overlay-color":"","overlay-opacity":"","overlay-gradient":""}},"ast-content-background-meta":{"desktop":{"background-color":"var(--ast-global-color-5)","background-image":"","background-repeat":"repeat","background-position":"center center","background-size":"auto","background-attachment":"scroll","background-type":"","background-media":"","overlay-type":"","overlay-color":"","overlay-opacity":"","overlay-gradient":""},"tablet":{"background-color":"var(--ast-global-color-5)","background-image":"","background-repeat":"repeat","background-position":"center center","background-size":"auto","background-attachment":"scroll","background-type":"","background-media":"","overlay-type":"","overlay-color":"","overlay-opacity":"","overlay-gradient":""},"mobile":{"background-color":"var(--ast-global-color-5)","background-image":"","background-repeat":"repeat","background-position":"center center","background-size":"auto","background-attachment":"scroll","background-type":"","background-media":"","overlay-type":"","overlay-color":"","overlay-opacity":"","overlay-gradient":""}},"_joinchat":[]},"product_brand":[],"product_cat":[42],"product_tag":[],"class_list":{"0":"post-4054","1":"product","2":"type-product","3":"status-publish","4":"has-post-thumbnail","6":"product_cat-dvd","7":"desktop-align-left","8":"tablet-align-left","9":"mobile-align-left","11":"first","12":"instock","13":"sale","14":"shipping-taxable","15":"purchasable","16":"product-type-simple"},"_links":{"self":[{"href":"https:\/\/cinemasoul.es\/index.php?rest_route=\/wp\/v2\/product\/4054","targetHints":{"allow":["GET"]}}],"collection":[{"href":"https:\/\/cinemasoul.es\/index.php?rest_route=\/wp\/v2\/product"}],"about":[{"href":"https:\/\/cinemasoul.es\/index.php?rest_route=\/wp\/v2\/types\/product"}],"replies":[{"embeddable":true,"href":"https:\/\/cinemasoul.es\/index.php?rest_route=%2Fwp%2Fv2%2Fcomments&post=4054"}],"version-history":[{"count":2,"href":"https:\/\/cinemasoul.es\/index.php?rest_route=\/wp\/v2\/product\/4054\/revisions"}],"predecessor-version":[{"id":4514,"href":"https:\/\/cinemasoul.es\/index.php?rest_route=\/wp\/v2\/product\/4054\/revisions\/4514"}],"wp:featuredmedia":[{"embeddable":true,"href":"https:\/\/cinemasoul.es\/index.php?rest_route=\/wp\/v2\/media\/4513"}],"wp:attachment":[{"href":"https:\/\/cinemasoul.es\/index.php?rest_route=%2Fwp%2Fv2%2Fmedia&parent=4054"}],"wp:term":[{"taxonomy":"product_brand","embeddable":true,"href":"https:\/\/cinemasoul.es\/index.php?rest_route=%2Fwp%2Fv2%2Fproduct_brand&post=4054"},{"taxonomy":"product_cat","embeddable":true,"href":"https:\/\/cinemasoul.es\/index.php?rest_route=%2Fwp%2Fv2%2Fproduct_cat&post=4054"},{"taxonomy":"product_tag","embeddable":true,"href":"https:\/\/cinemasoul.es\/index.php?rest_route=%2Fwp%2Fv2%2Fproduct_tag&post=4054"}],"curies":[{"name":"wp","href":"https:\/\/api.w.org\/{rel}","templated":true}]}}