{"id":4037,"date":"2022-01-13T22:09:42","date_gmt":"2022-01-13T22:09:42","guid":{"rendered":"https:\/\/www.cinemasoul.es\/?post_type=product&#038;p=4037"},"modified":"2022-01-13T22:09:42","modified_gmt":"2022-01-13T22:09:42","slug":"el-senor-de-los-anillos","status":"publish","type":"product","link":"https:\/\/cinemasoul.es\/?product=el-senor-de-los-anillos","title":{"rendered":"El se\u00f1or de los anillos"},"content":{"rendered":"<p>A\u00f1o2001Duraci\u00f3n180 min.Pa\u00eds<span id=\"country-img\"><img decoding=\"async\" class=\"nflag\" src=\"https:\/\/www.filmaffinity.com\/imgs\/countries2\/NZ.png\" alt=\"Nueva Zelanda\" \/><\/span>\u00a0Nueva ZelandaDirecci\u00f3n<\/p>\n<div class=\"credits\"><span class=\"nb\"><a title=\"Peter Jackson\" href=\"https:\/\/www.filmaffinity.com\/es\/search.php?stype=director&amp;sn&amp;stext=Peter%20Jackson\">Peter Jackson<\/a><\/span><\/div>\n<p>Guion<\/p>\n<div class=\"credits\"><span class=\"nb\">Fran Walsh,<\/span>\u00a0<span class=\"nb\">Philippa Boyens,<\/span>\u00a0<span class=\"nb\">Peter Jackson.<\/span><i>\u00a0Novela:<\/i>\u00a0<span class=\"nb\">J.R.R. Tolkien<\/span><\/div>\n<p>M\u00fasica<\/p>\n<div class=\"credits\"><span class=\"nb\">Howard Shore.<\/span><i>\u00a0Tema:<\/i>\u00a0<span class=\"nb\">Enya<\/span><\/div>\n<p>Fotograf\u00eda<\/p>\n<div class=\"credits\"><span class=\"nb\">Andrew Lesnie<\/span><\/div>\n<p>Reparto<\/p>\n<div class=\"credits\"><span class=\"nb\"><a title=\"Elijah Wood\" href=\"https:\/\/www.filmaffinity.com\/es\/search.php?stype=cast&amp;sn&amp;stext=Elijah%20Wood\">Elijah Wood<\/a>,<\/span>\u00a0<span class=\"nb\"><a title=\"Ian McKellen\" href=\"https:\/\/www.filmaffinity.com\/es\/search.php?stype=cast&amp;sn&amp;stext=Ian%20McKellen\">Ian McKellen<\/a>,<\/span>\u00a0<span class=\"nb\"><a title=\"Viggo Mortensen\" href=\"https:\/\/www.filmaffinity.com\/es\/search.php?stype=cast&amp;sn&amp;stext=Viggo%20Mortensen\">Viggo Mortensen<\/a>,<\/span>\u00a0<span class=\"nb\"><a title=\"Sean Astin\" href=\"https:\/\/www.filmaffinity.com\/es\/search.php?stype=cast&amp;sn&amp;stext=Sean%20Astin\">Sean Astin<\/a>,<\/span>\u00a0<span class=\"nb\"><a title=\"Sean Bean\" href=\"https:\/\/www.filmaffinity.com\/es\/search.php?stype=cast&amp;sn&amp;stext=Sean%20Bean\">Sean Bean<\/a>,<\/span>\u00a0<span class=\"nb\"><a title=\"John Rhys-Davies\" href=\"https:\/\/www.filmaffinity.com\/es\/search.php?stype=cast&amp;sn&amp;stext=John%20Rhys-Davies\">John Rhys-Davies<\/a>,<\/span>\u00a0<span class=\"nb\"><a title=\"Orlando Bloom\" href=\"https:\/\/www.filmaffinity.com\/es\/search.php?stype=cast&amp;sn&amp;stext=Orlando%20Bloom\">Orlando Bloom<\/a>,<\/span>\u00a0<span class=\"nb\"><a title=\"Dominic Monaghan\" href=\"https:\/\/www.filmaffinity.com\/es\/search.php?stype=cast&amp;sn&amp;stext=Dominic%20Monaghan\">Dominic Monaghan<\/a>,<\/span>\u00a0<span class=\"nb\"><a title=\"Billy Boyd\" href=\"https:\/\/www.filmaffinity.com\/es\/search.php?stype=cast&amp;sn&amp;stext=Billy%20Boyd\">Billy Boyd<\/a>,<\/span>\u00a0<span class=\"nb\"><a title=\"Cate Blanchett\" href=\"https:\/\/www.filmaffinity.com\/es\/search.php?stype=cast&amp;sn&amp;stext=Cate%20Blanchett\">Cate Blanchett<\/a>,<\/span>\u00a0<span class=\"nb\"><a title=\"Hugo Weaving\" href=\"https:\/\/www.filmaffinity.com\/es\/search.php?stype=cast&amp;sn&amp;stext=Hugo%20Weaving\">Hugo Weaving<\/a>,<\/span>\u00a0<span class=\"nb\"><a title=\"Liv Tyler\" href=\"https:\/\/www.filmaffinity.com\/es\/search.php?stype=cast&amp;sn&amp;stext=Liv%20Tyler\">Liv Tyler<\/a>,<\/span>\u00a0<span class=\"nb\"><a title=\"Ian Holm\" href=\"https:\/\/www.filmaffinity.com\/es\/search.php?stype=cast&amp;sn&amp;stext=Ian%20Holm\">Ian Holm<\/a><\/span><\/div>\n","protected":false},"excerpt":{"rendered":"<p>En la Tierra Media, el Se\u00f1or Oscuro Sauron orden\u00f3 a los Elfos que forjaran los Grandes Anillos de Poder. Tres para los reyes Elfos, siete para los Se\u00f1ores Enanos, y nueve para los Hombres Mortales. Pero Saur\u00f3n tambi\u00e9n forj\u00f3, en secreto, el Anillo \u00danico, que tiene el poder de esclavizar toda la Tierra Media. Con la ayuda de sus amigos y de valientes aliados, el joven hobbit Frodo emprende un peligroso viaje con la misi\u00f3n de destruir el Anillo \u00danico. Pero el malvado Sauron ordena la persecuci\u00f3n del grupo, compuesto por Frodo y sus leales amigos hobbits, un mago, un hombre, un elfo y un enano. La misi\u00f3n es casi suicida pero necesaria, pues si Sauron con su ej\u00e9rcito de orcos lograra recuperar el Anillo, ser\u00eda el final de la Tierra Media.<\/p>\n","protected":false},"featured_media":4038,"comment_status":"open","ping_status":"closed","template":"","meta":{"site-sidebar-layout":"default","site-content-layout":"default","ast-site-content-layout":"default","site-content-style":"default","site-sidebar-style":"default","ast-global-header-display":"","ast-banner-title-visibility":"","ast-main-header-display":"","ast-hfb-above-header-display":"","ast-hfb-below-header-display":"","ast-hfb-mobile-header-display":"","site-post-title":"","ast-breadcrumbs-content":"","ast-featured-img":"","footer-sml-layout":"","ast-disable-related-posts":"","theme-transparent-header-meta":"default","adv-header-id-meta":"","stick-header-meta":"","header-above-stick-meta":"","header-main-stick-meta":"","header-below-stick-meta":"","astra-migrate-meta-layouts":"default","ast-page-background-enabled":"default","ast-page-background-meta":{"desktop":{"background-color":"","background-image":"","background-repeat":"repeat","background-position":"center center","background-size":"auto","background-attachment":"scroll","background-type":"","background-media":"","overlay-type":"","overlay-color":"","overlay-opacity":"","overlay-gradient":""},"tablet":{"background-color":"","background-image":"","background-repeat":"repeat","background-position":"center center","background-size":"auto","background-attachment":"scroll","background-type":"","background-media":"","overlay-type":"","overlay-color":"","overlay-opacity":"","overlay-gradient":""},"mobile":{"background-color":"","background-image":"","background-repeat":"repeat","background-position":"center center","background-size":"auto","background-attachment":"scroll","background-type":"","background-media":"","overlay-type":"","overlay-color":"","overlay-opacity":"","overlay-gradient":""}},"ast-content-background-meta":{"desktop":{"background-color":"var(--ast-global-color-5)","background-image":"","background-repeat":"repeat","background-position":"center center","background-size":"auto","background-attachment":"scroll","background-type":"","background-media":"","overlay-type":"","overlay-color":"","overlay-opacity":"","overlay-gradient":""},"tablet":{"background-color":"var(--ast-global-color-5)","background-image":"","background-repeat":"repeat","background-position":"center center","background-size":"auto","background-attachment":"scroll","background-type":"","background-media":"","overlay-type":"","overlay-color":"","overlay-opacity":"","overlay-gradient":""},"mobile":{"background-color":"var(--ast-global-color-5)","background-image":"","background-repeat":"repeat","background-position":"center center","background-size":"auto","background-attachment":"scroll","background-type":"","background-media":"","overlay-type":"","overlay-color":"","overlay-opacity":"","overlay-gradient":""}},"_joinchat":[]},"product_brand":[],"product_cat":[43],"product_tag":[],"class_list":{"0":"post-4037","1":"product","2":"type-product","3":"status-publish","4":"has-post-thumbnail","6":"product_cat-bluray","7":"desktop-align-left","8":"tablet-align-left","9":"mobile-align-left","11":"first","12":"instock","13":"shipping-taxable","14":"purchasable","15":"product-type-simple"},"_links":{"self":[{"href":"https:\/\/cinemasoul.es\/index.php?rest_route=\/wp\/v2\/product\/4037","targetHints":{"allow":["GET"]}}],"collection":[{"href":"https:\/\/cinemasoul.es\/index.php?rest_route=\/wp\/v2\/product"}],"about":[{"href":"https:\/\/cinemasoul.es\/index.php?rest_route=\/wp\/v2\/types\/product"}],"replies":[{"embeddable":true,"href":"https:\/\/cinemasoul.es\/index.php?rest_route=%2Fwp%2Fv2%2Fcomments&post=4037"}],"version-history":[{"count":1,"href":"https:\/\/cinemasoul.es\/index.php?rest_route=\/wp\/v2\/product\/4037\/revisions"}],"predecessor-version":[{"id":4039,"href":"https:\/\/cinemasoul.es\/index.php?rest_route=\/wp\/v2\/product\/4037\/revisions\/4039"}],"wp:featuredmedia":[{"embeddable":true,"href":"https:\/\/cinemasoul.es\/index.php?rest_route=\/wp\/v2\/media\/4038"}],"wp:attachment":[{"href":"https:\/\/cinemasoul.es\/index.php?rest_route=%2Fwp%2Fv2%2Fmedia&parent=4037"}],"wp:term":[{"taxonomy":"product_brand","embeddable":true,"href":"https:\/\/cinemasoul.es\/index.php?rest_route=%2Fwp%2Fv2%2Fproduct_brand&post=4037"},{"taxonomy":"product_cat","embeddable":true,"href":"https:\/\/cinemasoul.es\/index.php?rest_route=%2Fwp%2Fv2%2Fproduct_cat&post=4037"},{"taxonomy":"product_tag","embeddable":true,"href":"https:\/\/cinemasoul.es\/index.php?rest_route=%2Fwp%2Fv2%2Fproduct_tag&post=4037"}],"curies":[{"name":"wp","href":"https:\/\/api.w.org\/{rel}","templated":true}]}}