{"id":3504,"date":"2021-10-25T21:37:43","date_gmt":"2021-10-25T21:37:43","guid":{"rendered":"http:\/\/www.cinemasoul.es\/?post_type=product&#038;p=3504"},"modified":"2021-10-25T21:37:44","modified_gmt":"2021-10-25T21:37:44","slug":"irma-la-dulce","status":"publish","type":"product","link":"https:\/\/cinemasoul.es\/?product=irma-la-dulce","title":{"rendered":"Irma la Dulce"},"content":{"rendered":"<p>Direcci\u00f3n: <span class=\"nb\"><a title=\"Billy Wilder\" href=\"https:\/\/www.filmaffinity.com\/es\/search.php?stype=director&amp;sn&amp;stext=Billy%20Wilder\">Billy Wilder<\/a><\/span><\/p>\n<p>Guion: <span class=\"nb\">Billy Wilder,<\/span>\u00a0<span class=\"nb\">I.A.L. Diamond.<\/span><i>\u00a0Teatro:<\/i>\u00a0<span class=\"nb\">Alexandre Breffort<\/span><\/p>\n<p>M\u00fasica: <span class=\"nb\">Andre Previn<\/span><\/p>\n<p>Fotograf\u00eda: <span class=\"nb\">Joseph LaShelle<\/span><\/p>\n<p>Reparto: <span class=\"nb\"><a title=\"Jack Lemmon\" href=\"https:\/\/www.filmaffinity.com\/es\/search.php?stype=cast&amp;sn&amp;stext=Jack%20Lemmon\">Jack Lemmon<\/a>,<\/span>\u00a0<span class=\"nb\"><a title=\"Shirley MacLaine\" href=\"https:\/\/www.filmaffinity.com\/es\/search.php?stype=cast&amp;sn&amp;stext=Shirley%20MacLaine\">Shirley MacLaine<\/a>,<\/span>\u00a0<span class=\"nb\"><a title=\"Lou Jacobi\" href=\"https:\/\/www.filmaffinity.com\/es\/search.php?stype=cast&amp;sn&amp;stext=Lou%20Jacobi\">Lou Jacobi<\/a>,<\/span>\u00a0<span class=\"nb\"><a title=\"Bruce Yarnell\" href=\"https:\/\/www.filmaffinity.com\/es\/search.php?stype=cast&amp;sn&amp;stext=Bruce%20Yarnell\">Bruce Yarnell<\/a>,<\/span>\u00a0<span class=\"nb\"><a title=\"Herschel Bernardi\" href=\"https:\/\/www.filmaffinity.com\/es\/search.php?stype=cast&amp;sn&amp;stext=Herschel%20Bernardi\">Herschel Bernardi<\/a>,<\/span>\u00a0<span class=\"nb\"><a title=\"Hope Holiday\" href=\"https:\/\/www.filmaffinity.com\/es\/search.php?stype=cast&amp;sn&amp;stext=Hope%20Holiday\">Hope Holiday<\/a>,<\/span>\u00a0<span class=\"nb\"><a title=\"Joan Shawlee\" href=\"https:\/\/www.filmaffinity.com\/es\/search.php?stype=cast&amp;sn&amp;stext=Joan%20Shawlee\">Joan Shawlee<\/a>,<\/span>\u00a0<span class=\"nb\"><a title=\"Grace Lee Whitney\" href=\"https:\/\/www.filmaffinity.com\/es\/search.php?stype=cast&amp;sn&amp;stext=Grace%20Lee%20Whitney\">Grace Lee Whitney<\/a>,<\/span>\u00a0<span class=\"nb\"><a title=\"Paul Dubov\" href=\"https:\/\/www.filmaffinity.com\/es\/search.php?stype=cast&amp;sn&amp;stext=Paul%20Dubov\">Paul Dubov<\/a>,<\/span>\u00a0<span class=\"nb\"><a title=\"Howard McNear\" href=\"https:\/\/www.filmaffinity.com\/es\/search.php?stype=cast&amp;sn&amp;stext=Howard%20McNear\">Howard McNear<\/a>,<\/span>\u00a0<span class=\"nb\"><a title=\"Cliff Osmond\" href=\"https:\/\/www.filmaffinity.com\/es\/search.php?stype=cast&amp;sn&amp;stext=Cliff%20Osmond\">Cliff Osmond<\/a>,<\/span>\u00a0<span class=\"nb\"><a title=\"Diki Lerner\" href=\"https:\/\/www.filmaffinity.com\/es\/search.php?stype=cast&amp;sn&amp;stext=Diki%20Lerner\">Diki Lerner<\/a>,<\/span>\u00a0<span class=\"nb\"><a title=\"Herb Jones\" href=\"https:\/\/www.filmaffinity.com\/es\/search.php?stype=cast&amp;sn&amp;stext=Herb%20Jones\">Herb Jones<\/a>,<\/span>\u00a0<span class=\"see-more-credits\">ver 13 m\u00e1s<\/span><\/p>\n<p>G\u00e9nero: <a href=\"https:\/\/www.filmaffinity.com\/es\/moviegenre.php?genre=CO&amp;attr=rat_count&amp;nodoc\">Comedia<\/a><\/p>\n","protected":false},"excerpt":{"rendered":"<p>Sinopsis: Un infeliz gendarme, fiel cumplidor de su trabajo, se enamora perdidamente de una prostituta a la que detiene en una redada. Por ella dejar\u00e1 su trabajo, se enfrentar\u00e1 al chulo que la explota y, gracias a un golpe de suerte, se convertir\u00e1 en el nuevo mat\u00f3n del pintoresco barrio de \u00abLes Halles\u00bb, el mercado de abastos de Par\u00eds. A partir de ese momento, aunque con ciertos escr\u00fapulos, vive de la chica, que lo considera su nuevo protector, y \u00e9l por amor la deja hacer.<\/p>\n","protected":false},"featured_media":3505,"comment_status":"open","ping_status":"closed","template":"","meta":{"site-sidebar-layout":"default","site-content-layout":"default","ast-site-content-layout":"default","site-content-style":"default","site-sidebar-style":"default","ast-global-header-display":"","ast-banner-title-visibility":"","ast-main-header-display":"","ast-hfb-above-header-display":"","ast-hfb-below-header-display":"","ast-hfb-mobile-header-display":"","site-post-title":"","ast-breadcrumbs-content":"","ast-featured-img":"","footer-sml-layout":"","ast-disable-related-posts":"","theme-transparent-header-meta":"default","adv-header-id-meta":"","stick-header-meta":"","header-above-stick-meta":"","header-main-stick-meta":"","header-below-stick-meta":"","astra-migrate-meta-layouts":"default","ast-page-background-enabled":"default","ast-page-background-meta":{"desktop":{"background-color":"","background-image":"","background-repeat":"repeat","background-position":"center center","background-size":"auto","background-attachment":"scroll","background-type":"","background-media":"","overlay-type":"","overlay-color":"","overlay-opacity":"","overlay-gradient":""},"tablet":{"background-color":"","background-image":"","background-repeat":"repeat","background-position":"center center","background-size":"auto","background-attachment":"scroll","background-type":"","background-media":"","overlay-type":"","overlay-color":"","overlay-opacity":"","overlay-gradient":""},"mobile":{"background-color":"","background-image":"","background-repeat":"repeat","background-position":"center center","background-size":"auto","background-attachment":"scroll","background-type":"","background-media":"","overlay-type":"","overlay-color":"","overlay-opacity":"","overlay-gradient":""}},"ast-content-background-meta":{"desktop":{"background-color":"var(--ast-global-color-5)","background-image":"","background-repeat":"repeat","background-position":"center center","background-size":"auto","background-attachment":"scroll","background-type":"","background-media":"","overlay-type":"","overlay-color":"","overlay-opacity":"","overlay-gradient":""},"tablet":{"background-color":"var(--ast-global-color-5)","background-image":"","background-repeat":"repeat","background-position":"center center","background-size":"auto","background-attachment":"scroll","background-type":"","background-media":"","overlay-type":"","overlay-color":"","overlay-opacity":"","overlay-gradient":""},"mobile":{"background-color":"var(--ast-global-color-5)","background-image":"","background-repeat":"repeat","background-position":"center center","background-size":"auto","background-attachment":"scroll","background-type":"","background-media":"","overlay-type":"","overlay-color":"","overlay-opacity":"","overlay-gradient":""}},"_joinchat":[]},"product_brand":[],"product_cat":[43],"product_tag":[],"class_list":{"0":"post-3504","1":"product","2":"type-product","3":"status-publish","4":"has-post-thumbnail","6":"product_cat-bluray","7":"desktop-align-left","8":"tablet-align-left","9":"mobile-align-left","11":"first","12":"instock","13":"shipping-taxable","14":"purchasable","15":"product-type-simple"},"_links":{"self":[{"href":"https:\/\/cinemasoul.es\/index.php?rest_route=\/wp\/v2\/product\/3504","targetHints":{"allow":["GET"]}}],"collection":[{"href":"https:\/\/cinemasoul.es\/index.php?rest_route=\/wp\/v2\/product"}],"about":[{"href":"https:\/\/cinemasoul.es\/index.php?rest_route=\/wp\/v2\/types\/product"}],"replies":[{"embeddable":true,"href":"https:\/\/cinemasoul.es\/index.php?rest_route=%2Fwp%2Fv2%2Fcomments&post=3504"}],"version-history":[{"count":1,"href":"https:\/\/cinemasoul.es\/index.php?rest_route=\/wp\/v2\/product\/3504\/revisions"}],"predecessor-version":[{"id":3506,"href":"https:\/\/cinemasoul.es\/index.php?rest_route=\/wp\/v2\/product\/3504\/revisions\/3506"}],"wp:featuredmedia":[{"embeddable":true,"href":"https:\/\/cinemasoul.es\/index.php?rest_route=\/wp\/v2\/media\/3505"}],"wp:attachment":[{"href":"https:\/\/cinemasoul.es\/index.php?rest_route=%2Fwp%2Fv2%2Fmedia&parent=3504"}],"wp:term":[{"taxonomy":"product_brand","embeddable":true,"href":"https:\/\/cinemasoul.es\/index.php?rest_route=%2Fwp%2Fv2%2Fproduct_brand&post=3504"},{"taxonomy":"product_cat","embeddable":true,"href":"https:\/\/cinemasoul.es\/index.php?rest_route=%2Fwp%2Fv2%2Fproduct_cat&post=3504"},{"taxonomy":"product_tag","embeddable":true,"href":"https:\/\/cinemasoul.es\/index.php?rest_route=%2Fwp%2Fv2%2Fproduct_tag&post=3504"}],"curies":[{"name":"wp","href":"https:\/\/api.w.org\/{rel}","templated":true}]}}