{"id":3501,"date":"2021-10-25T21:33:50","date_gmt":"2021-10-25T21:33:50","guid":{"rendered":"http:\/\/www.cinemasoul.es\/?post_type=product&#038;p=3501"},"modified":"2021-10-25T21:33:50","modified_gmt":"2021-10-25T21:33:50","slug":"siete-novias-para-siete-hermanos","status":"publish","type":"product","link":"https:\/\/cinemasoul.es\/?product=siete-novias-para-siete-hermanos","title":{"rendered":"Siete novias para siete hermanos"},"content":{"rendered":"<p>Direcci\u00f3n: <span class=\"nb\"><a title=\"Stanley Donen\" href=\"https:\/\/www.filmaffinity.com\/es\/search.php?stype=director&amp;sn&amp;stext=Stanley%20Donen\">Stanley Donen<\/a><\/span><\/p>\n<p>Guion: <span class=\"nb\">Albert Hackett,<\/span>\u00a0<span class=\"nb\">Frances Goodrich,<\/span>\u00a0<span class=\"nb\">Dorothy Kingsley<\/span><\/p>\n<p>M\u00fasica: <span class=\"nb\">Adolph Deutsch,<\/span>\u00a0<span class=\"nb\">Saul Chaplin<\/span><\/p>\n<p>Fotograf\u00eda: <span class=\"nb\">George J. Folsey<\/span><\/p>\n<p>Reparto: <span class=\"nb\"><a title=\"Howard Keel\" href=\"https:\/\/www.filmaffinity.com\/es\/search.php?stype=cast&amp;sn&amp;stext=Howard%20Keel\">Howard Keel<\/a>,<\/span>\u00a0<span class=\"nb\"><a title=\"Jane Powell\" href=\"https:\/\/www.filmaffinity.com\/es\/search.php?stype=cast&amp;sn&amp;stext=Jane%20Powell\">Jane Powell<\/a>,<\/span>\u00a0<span class=\"nb\"><a title=\"Jeff Richards\" href=\"https:\/\/www.filmaffinity.com\/es\/search.php?stype=cast&amp;sn&amp;stext=Jeff%20Richards\">Jeff Richards<\/a>,<\/span>\u00a0<span class=\"nb\"><a title=\"Tommy Rall\" href=\"https:\/\/www.filmaffinity.com\/es\/search.php?stype=cast&amp;sn&amp;stext=Tommy%20Rall\">Tommy Rall<\/a>,<\/span>\u00a0<span class=\"nb\"><a title=\"Russ Tamblyn\" href=\"https:\/\/www.filmaffinity.com\/es\/search.php?stype=cast&amp;sn&amp;stext=Russ%20Tamblyn\">Russ Tamblyn<\/a>,<\/span>\u00a0<span class=\"nb\"><a title=\"Marc Platt\" href=\"https:\/\/www.filmaffinity.com\/es\/search.php?stype=cast&amp;sn&amp;stext=Marc%20Platt\">Marc Platt<\/a>,<\/span>\u00a0<span class=\"nb\"><a title=\"Matt Mattox\" href=\"https:\/\/www.filmaffinity.com\/es\/search.php?stype=cast&amp;sn&amp;stext=Matt%20Mattox\">Matt Mattox<\/a>,<\/span>\u00a0<span class=\"nb\"><a title=\"Jacques d'Amboise\" href=\"https:\/\/www.filmaffinity.com\/es\/search.php?stype=cast&amp;sn&amp;stext=Jacques%20d%27Amboise\">Jacques d&#8217;Amboise<\/a>,<\/span>\u00a0<span class=\"nb\"><a title=\"Julie Newmar\" href=\"https:\/\/www.filmaffinity.com\/es\/search.php?stype=cast&amp;sn&amp;stext=Julie%20Newmar\">Julie Newmar<\/a>,<\/span>\u00a0<span class=\"nb\"><a title=\"Virginia Gibson\" href=\"https:\/\/www.filmaffinity.com\/es\/search.php?stype=cast&amp;sn&amp;stext=Virginia%20Gibson\">Virginia Gibson<\/a><\/span><\/p>\n<p>G\u00e9nero: <a href=\"https:\/\/www.filmaffinity.com\/es\/moviegenre.php?genre=MU&amp;attr=rat_count&amp;nodoc\">Musical<\/a>.\u00a0<a href=\"https:\/\/www.filmaffinity.com\/es\/moviegenre.php?genre=CO&amp;attr=rat_count&amp;nodoc\">Comedia<\/a><\/p>\n","protected":false},"excerpt":{"rendered":"<p>Sinopsis: Los hermanos Pontipee son siete rudos le\u00f1adores, todos solteros, que viven en una caba\u00f1a en las monta\u00f1as. Su vida cambia radicalmente cuando Adam, el hermano mayor, encuentra novia en el pueblo y se la lleva a vivir a la caba\u00f1a. Los dem\u00e1s hermanos deciden, entonces, hacer lo mismo y van a la ciudad en busca de novia. Tan empe\u00f1ados est\u00e1n en casarse que no dudan en secuestrar a siete chicas y se las llevan a vivir con ellos.<\/p>\n","protected":false},"featured_media":3502,"comment_status":"open","ping_status":"closed","template":"","meta":{"site-sidebar-layout":"default","site-content-layout":"default","ast-site-content-layout":"default","site-content-style":"default","site-sidebar-style":"default","ast-global-header-display":"","ast-banner-title-visibility":"","ast-main-header-display":"","ast-hfb-above-header-display":"","ast-hfb-below-header-display":"","ast-hfb-mobile-header-display":"","site-post-title":"","ast-breadcrumbs-content":"","ast-featured-img":"","footer-sml-layout":"","ast-disable-related-posts":"","theme-transparent-header-meta":"default","adv-header-id-meta":"","stick-header-meta":"","header-above-stick-meta":"","header-main-stick-meta":"","header-below-stick-meta":"","astra-migrate-meta-layouts":"default","ast-page-background-enabled":"default","ast-page-background-meta":{"desktop":{"background-color":"","background-image":"","background-repeat":"repeat","background-position":"center center","background-size":"auto","background-attachment":"scroll","background-type":"","background-media":"","overlay-type":"","overlay-color":"","overlay-opacity":"","overlay-gradient":""},"tablet":{"background-color":"","background-image":"","background-repeat":"repeat","background-position":"center center","background-size":"auto","background-attachment":"scroll","background-type":"","background-media":"","overlay-type":"","overlay-color":"","overlay-opacity":"","overlay-gradient":""},"mobile":{"background-color":"","background-image":"","background-repeat":"repeat","background-position":"center center","background-size":"auto","background-attachment":"scroll","background-type":"","background-media":"","overlay-type":"","overlay-color":"","overlay-opacity":"","overlay-gradient":""}},"ast-content-background-meta":{"desktop":{"background-color":"var(--ast-global-color-5)","background-image":"","background-repeat":"repeat","background-position":"center center","background-size":"auto","background-attachment":"scroll","background-type":"","background-media":"","overlay-type":"","overlay-color":"","overlay-opacity":"","overlay-gradient":""},"tablet":{"background-color":"var(--ast-global-color-5)","background-image":"","background-repeat":"repeat","background-position":"center center","background-size":"auto","background-attachment":"scroll","background-type":"","background-media":"","overlay-type":"","overlay-color":"","overlay-opacity":"","overlay-gradient":""},"mobile":{"background-color":"var(--ast-global-color-5)","background-image":"","background-repeat":"repeat","background-position":"center center","background-size":"auto","background-attachment":"scroll","background-type":"","background-media":"","overlay-type":"","overlay-color":"","overlay-opacity":"","overlay-gradient":""}},"_joinchat":[]},"product_brand":[],"product_cat":[43],"product_tag":[],"class_list":{"0":"post-3501","1":"product","2":"type-product","3":"status-publish","4":"has-post-thumbnail","6":"product_cat-bluray","7":"desktop-align-left","8":"tablet-align-left","9":"mobile-align-left","11":"first","12":"instock","13":"shipping-taxable","14":"purchasable","15":"product-type-simple"},"_links":{"self":[{"href":"https:\/\/cinemasoul.es\/index.php?rest_route=\/wp\/v2\/product\/3501","targetHints":{"allow":["GET"]}}],"collection":[{"href":"https:\/\/cinemasoul.es\/index.php?rest_route=\/wp\/v2\/product"}],"about":[{"href":"https:\/\/cinemasoul.es\/index.php?rest_route=\/wp\/v2\/types\/product"}],"replies":[{"embeddable":true,"href":"https:\/\/cinemasoul.es\/index.php?rest_route=%2Fwp%2Fv2%2Fcomments&post=3501"}],"version-history":[{"count":1,"href":"https:\/\/cinemasoul.es\/index.php?rest_route=\/wp\/v2\/product\/3501\/revisions"}],"predecessor-version":[{"id":3503,"href":"https:\/\/cinemasoul.es\/index.php?rest_route=\/wp\/v2\/product\/3501\/revisions\/3503"}],"wp:featuredmedia":[{"embeddable":true,"href":"https:\/\/cinemasoul.es\/index.php?rest_route=\/wp\/v2\/media\/3502"}],"wp:attachment":[{"href":"https:\/\/cinemasoul.es\/index.php?rest_route=%2Fwp%2Fv2%2Fmedia&parent=3501"}],"wp:term":[{"taxonomy":"product_brand","embeddable":true,"href":"https:\/\/cinemasoul.es\/index.php?rest_route=%2Fwp%2Fv2%2Fproduct_brand&post=3501"},{"taxonomy":"product_cat","embeddable":true,"href":"https:\/\/cinemasoul.es\/index.php?rest_route=%2Fwp%2Fv2%2Fproduct_cat&post=3501"},{"taxonomy":"product_tag","embeddable":true,"href":"https:\/\/cinemasoul.es\/index.php?rest_route=%2Fwp%2Fv2%2Fproduct_tag&post=3501"}],"curies":[{"name":"wp","href":"https:\/\/api.w.org\/{rel}","templated":true}]}}