{"id":3492,"date":"2021-10-25T21:07:59","date_gmt":"2021-10-25T21:07:59","guid":{"rendered":"http:\/\/www.cinemasoul.es\/?post_type=product&#038;p=3492"},"modified":"2026-02-09T19:17:47","modified_gmt":"2026-02-09T19:17:47","slug":"la-luna","status":"publish","type":"product","link":"https:\/\/cinemasoul.es\/?product=la-luna","title":{"rendered":"La Luna"},"content":{"rendered":"<p>Direcci\u00f3n: <span class=\"nb\"><a title=\"Bernardo Bertolucci\" href=\"https:\/\/www.filmaffinity.com\/es\/search.php?stype=director&amp;sn&amp;stext=Bernardo%20Bertolucci\">Bernardo Bertolucci<\/a><\/span><\/p>\n<p>Guion: <span class=\"nb\">Clare Peploe,<\/span>\u00a0<span class=\"nb\">Bernardo Bertolucci,<\/span>\u00a0<span class=\"nb\">Giuseppe Bertolucci<\/span><\/p>\n<p>M\u00fasica: <span class=\"nb\">Ennio Morricone<\/span><\/p>\n<p>Fotograf\u00eda: <span class=\"nb\">Vittorio Storaro<\/span><\/p>\n<p>Reparto: <span class=\"nb\"><a title=\"Jill Clayburgh\" href=\"https:\/\/www.filmaffinity.com\/es\/search.php?stype=cast&amp;sn&amp;stext=Jill%20Clayburgh\">Jill Clayburgh<\/a>,<\/span>\u00a0<span class=\"nb\"><a title=\"Matthew Barry\" href=\"https:\/\/www.filmaffinity.com\/es\/search.php?stype=cast&amp;sn&amp;stext=Matthew%20Barry\">Matthew Barry<\/a>,<\/span>\u00a0<span class=\"nb\"><a title=\"Veronica Lazar\" href=\"https:\/\/www.filmaffinity.com\/es\/search.php?stype=cast&amp;sn&amp;stext=Veronica%20Lazar\">Veronica Lazar<\/a>,<\/span>\u00a0<span class=\"nb\"><a title=\"Renato Salvatori\" href=\"https:\/\/www.filmaffinity.com\/es\/search.php?stype=cast&amp;sn&amp;stext=Renato%20Salvatori\">Renato Salvatori<\/a>,<\/span>\u00a0<span class=\"nb\"><a title=\"Fred Gwynne\" href=\"https:\/\/www.filmaffinity.com\/es\/search.php?stype=cast&amp;sn&amp;stext=Fred%20Gwynne\">Fred Gwynne<\/a>,<\/span>\u00a0<span class=\"nb\"><a title=\"Alida Valli\" href=\"https:\/\/www.filmaffinity.com\/es\/search.php?stype=cast&amp;sn&amp;stext=Alida%20Valli\">Alida Valli<\/a>,<\/span>\u00a0<span class=\"nb\"><a title=\"Elisabetta Campeti\" href=\"https:\/\/www.filmaffinity.com\/es\/search.php?stype=cast&amp;sn&amp;stext=Elisabetta%20Campeti\">Elisabetta Campeti<\/a>,<\/span>\u00a0<span class=\"nb\"><a title=\"Franco Citti\" href=\"https:\/\/www.filmaffinity.com\/es\/search.php?stype=cast&amp;sn&amp;stext=Franco%20Citti\">Franco Citti<\/a>,<\/span>\u00a0<span class=\"nb\"><a title=\"Roberto Benigni\" href=\"https:\/\/www.filmaffinity.com\/es\/search.php?stype=cast&amp;sn&amp;stext=Roberto%20Benigni\">Roberto Benigni<\/a>,<\/span>\u00a0<span class=\"nb\"><a title=\"Carlo Verdone\" href=\"https:\/\/www.filmaffinity.com\/es\/search.php?stype=cast&amp;sn&amp;stext=Carlo%20Verdone\">Carlo Verdone<\/a>,<\/span>\u00a0<span class=\"nb\"><a title=\"Tomas Milian\" href=\"https:\/\/www.filmaffinity.com\/es\/search.php?stype=cast&amp;sn&amp;stext=Tomas%20Milian\">Tomas Milian<\/a>,<\/span>\u00a0<span class=\"nb\"><a title=\"Laura Betti\" href=\"https:\/\/www.filmaffinity.com\/es\/search.php?stype=cast&amp;sn&amp;stext=Laura%20Betti\">Laura Betti<\/a><\/span><\/p>\n<p>G\u00e9nero: <a href=\"https:\/\/www.filmaffinity.com\/es\/moviegenre.php?genre=DR&amp;attr=rat_count&amp;nodoc\">Drama<\/a><\/p>\n","protected":false},"excerpt":{"rendered":"<p>Sinopsis: A pesar de la repentina e inesperada muerte de Douglas, su viuda Catherina no puede anular una importante gira. La famosa cantante de \u00f3pera tiene que dar un concierto en Italia y toma la decisi\u00f3n de llevarse consigo a su hijo. Decisi\u00f3n que le cambiar\u00e1 la vida por completo&#8230;<\/p>\n","protected":false},"featured_media":3493,"comment_status":"open","ping_status":"closed","template":"","meta":{"site-sidebar-layout":"default","site-content-layout":"default","ast-site-content-layout":"default","site-content-style":"default","site-sidebar-style":"default","ast-global-header-display":"","ast-banner-title-visibility":"","ast-main-header-display":"","ast-hfb-above-header-display":"","ast-hfb-below-header-display":"","ast-hfb-mobile-header-display":"","site-post-title":"","ast-breadcrumbs-content":"","ast-featured-img":"","footer-sml-layout":"","ast-disable-related-posts":"","theme-transparent-header-meta":"default","adv-header-id-meta":"","stick-header-meta":"","header-above-stick-meta":"","header-main-stick-meta":"","header-below-stick-meta":"","astra-migrate-meta-layouts":"default","ast-page-background-enabled":"default","ast-page-background-meta":{"desktop":{"background-color":"","background-image":"","background-repeat":"repeat","background-position":"center center","background-size":"auto","background-attachment":"scroll","background-type":"","background-media":"","overlay-type":"","overlay-color":"","overlay-opacity":"","overlay-gradient":""},"tablet":{"background-color":"","background-image":"","background-repeat":"repeat","background-position":"center center","background-size":"auto","background-attachment":"scroll","background-type":"","background-media":"","overlay-type":"","overlay-color":"","overlay-opacity":"","overlay-gradient":""},"mobile":{"background-color":"","background-image":"","background-repeat":"repeat","background-position":"center center","background-size":"auto","background-attachment":"scroll","background-type":"","background-media":"","overlay-type":"","overlay-color":"","overlay-opacity":"","overlay-gradient":""}},"ast-content-background-meta":{"desktop":{"background-color":"var(--ast-global-color-5)","background-image":"","background-repeat":"repeat","background-position":"center center","background-size":"auto","background-attachment":"scroll","background-type":"","background-media":"","overlay-type":"","overlay-color":"","overlay-opacity":"","overlay-gradient":""},"tablet":{"background-color":"var(--ast-global-color-5)","background-image":"","background-repeat":"repeat","background-position":"center center","background-size":"auto","background-attachment":"scroll","background-type":"","background-media":"","overlay-type":"","overlay-color":"","overlay-opacity":"","overlay-gradient":""},"mobile":{"background-color":"var(--ast-global-color-5)","background-image":"","background-repeat":"repeat","background-position":"center center","background-size":"auto","background-attachment":"scroll","background-type":"","background-media":"","overlay-type":"","overlay-color":"","overlay-opacity":"","overlay-gradient":""}},"_joinchat":[]},"product_brand":[],"product_cat":[43],"product_tag":[],"class_list":{"0":"post-3492","1":"product","2":"type-product","3":"status-publish","4":"has-post-thumbnail","6":"product_cat-bluray","7":"desktop-align-left","8":"tablet-align-left","9":"mobile-align-left","11":"first","12":"instock","13":"shipping-taxable","14":"purchasable","15":"product-type-simple"},"_links":{"self":[{"href":"https:\/\/cinemasoul.es\/index.php?rest_route=\/wp\/v2\/product\/3492","targetHints":{"allow":["GET"]}}],"collection":[{"href":"https:\/\/cinemasoul.es\/index.php?rest_route=\/wp\/v2\/product"}],"about":[{"href":"https:\/\/cinemasoul.es\/index.php?rest_route=\/wp\/v2\/types\/product"}],"replies":[{"embeddable":true,"href":"https:\/\/cinemasoul.es\/index.php?rest_route=%2Fwp%2Fv2%2Fcomments&post=3492"}],"version-history":[{"count":1,"href":"https:\/\/cinemasoul.es\/index.php?rest_route=\/wp\/v2\/product\/3492\/revisions"}],"predecessor-version":[{"id":3494,"href":"https:\/\/cinemasoul.es\/index.php?rest_route=\/wp\/v2\/product\/3492\/revisions\/3494"}],"wp:featuredmedia":[{"embeddable":true,"href":"https:\/\/cinemasoul.es\/index.php?rest_route=\/wp\/v2\/media\/3493"}],"wp:attachment":[{"href":"https:\/\/cinemasoul.es\/index.php?rest_route=%2Fwp%2Fv2%2Fmedia&parent=3492"}],"wp:term":[{"taxonomy":"product_brand","embeddable":true,"href":"https:\/\/cinemasoul.es\/index.php?rest_route=%2Fwp%2Fv2%2Fproduct_brand&post=3492"},{"taxonomy":"product_cat","embeddable":true,"href":"https:\/\/cinemasoul.es\/index.php?rest_route=%2Fwp%2Fv2%2Fproduct_cat&post=3492"},{"taxonomy":"product_tag","embeddable":true,"href":"https:\/\/cinemasoul.es\/index.php?rest_route=%2Fwp%2Fv2%2Fproduct_tag&post=3492"}],"curies":[{"name":"wp","href":"https:\/\/api.w.org\/{rel}","templated":true}]}}