{"id":3489,"date":"2021-10-25T21:05:06","date_gmt":"2021-10-25T21:05:06","guid":{"rendered":"http:\/\/www.cinemasoul.es\/?post_type=product&#038;p=3489"},"modified":"2026-01-21T07:23:46","modified_gmt":"2026-01-21T07:23:46","slug":"regreso-a-la-tierra","status":"publish","type":"product","link":"https:\/\/cinemasoul.es\/?product=regreso-a-la-tierra","title":{"rendered":"Regreso a la Tierra"},"content":{"rendered":"<p>Direcci\u00f3n: <span class=\"nb\"><a title=\"Joseph M. Newman\" href=\"https:\/\/www.filmaffinity.com\/es\/search.php?stype=director&amp;sn&amp;stext=Joseph%20M.%20Newman\">Joseph M. Newman<\/a><\/span><\/p>\n<p>Guion: <span class=\"nb\">Franklin Coen,<\/span>\u00a0<span class=\"nb\">Edward G. O&#8217;Callaghan<\/span><\/p>\n<p>M\u00fasica: <span class=\"nb\">Henry Mancini,<\/span>\u00a0<span class=\"nb\">Hans J. Salter,<\/span>\u00a0<span class=\"nb\">Herman Stein<\/span><\/p>\n<p>Fotograf\u00eda: <span class=\"nb\">Clifford Stine<\/span><\/p>\n<p>Reparto: <span class=\"nb\"><a title=\"Jeff Morrow\" href=\"https:\/\/www.filmaffinity.com\/es\/search.php?stype=cast&amp;sn&amp;stext=Jeff%20Morrow\">Jeff Morrow<\/a>,<\/span>\u00a0<span class=\"nb\"><a title=\"Faith Domergue\" href=\"https:\/\/www.filmaffinity.com\/es\/search.php?stype=cast&amp;sn&amp;stext=Faith%20Domergue\">Faith Domergue<\/a>,<\/span>\u00a0<span class=\"nb\"><a title=\"Rex Reason\" href=\"https:\/\/www.filmaffinity.com\/es\/search.php?stype=cast&amp;sn&amp;stext=Rex%20Reason\">Rex Reason<\/a>,<\/span>\u00a0<span class=\"nb\"><a title=\"Lance Fuller\" href=\"https:\/\/www.filmaffinity.com\/es\/search.php?stype=cast&amp;sn&amp;stext=Lance%20Fuller\">Lance Fuller<\/a>,<\/span>\u00a0<span class=\"nb\"><a title=\"Russell Johnson\" href=\"https:\/\/www.filmaffinity.com\/es\/search.php?stype=cast&amp;sn&amp;stext=Russell%20Johnson\">Russell Johnson<\/a>,<\/span>\u00a0<span class=\"nb\"><a title=\"Douglas Spencer\" href=\"https:\/\/www.filmaffinity.com\/es\/search.php?stype=cast&amp;sn&amp;stext=Douglas%20Spencer\">Douglas Spencer<\/a>,<\/span>\u00a0<span class=\"nb\"><a title=\"Robert Nichols\" href=\"https:\/\/www.filmaffinity.com\/es\/search.php?stype=cast&amp;sn&amp;stext=Robert%20Nichols\">Robert Nichols<\/a>,<\/span>\u00a0<span class=\"nb\"><a title=\"Karl Ludwig Lindt\" href=\"https:\/\/www.filmaffinity.com\/es\/search.php?stype=cast&amp;sn&amp;stext=Karl%20Ludwig%20Lindt\">Karl Ludwig Lindt<\/a><\/span><\/p>\n<p>G\u00e9nero: <a href=\"https:\/\/www.filmaffinity.com\/es\/moviegenre.php?genre=C-F&amp;attr=rat_count&amp;nodoc\">Ciencia ficci\u00f3n<\/a>\u00a0|\u00a0<a href=\"https:\/\/www.filmaffinity.com\/es\/movietopic.php?topic=191870&amp;attr=rat_count&amp;nodoc\">Extraterrestres<\/a><\/p>\n","protected":false},"excerpt":{"rendered":"<p>Sinopsis: El doctor Meachan (Rex Reason) y otros cient\u00edficos son invitados por los habitantes del planeta Metaluna para que les ayuden a encontrar uranio, un mineral imprescindible para la supervivencia de su planeta. Pero los doctores descubren que el prop\u00f3sito de sus anfitriones no es otro que invadir la Tierra. S\u00f3lo Exeter (Jeff Morrow), un cient\u00edfico de Metaluna, parece estar en contra de la invasi\u00f3n.<\/p>\n","protected":false},"featured_media":3490,"comment_status":"open","ping_status":"closed","template":"","meta":{"site-sidebar-layout":"default","site-content-layout":"default","ast-site-content-layout":"default","site-content-style":"default","site-sidebar-style":"default","ast-global-header-display":"","ast-banner-title-visibility":"","ast-main-header-display":"","ast-hfb-above-header-display":"","ast-hfb-below-header-display":"","ast-hfb-mobile-header-display":"","site-post-title":"","ast-breadcrumbs-content":"","ast-featured-img":"","footer-sml-layout":"","ast-disable-related-posts":"","theme-transparent-header-meta":"default","adv-header-id-meta":"","stick-header-meta":"","header-above-stick-meta":"","header-main-stick-meta":"","header-below-stick-meta":"","astra-migrate-meta-layouts":"default","ast-page-background-enabled":"default","ast-page-background-meta":{"desktop":{"background-color":"","background-image":"","background-repeat":"repeat","background-position":"center center","background-size":"auto","background-attachment":"scroll","background-type":"","background-media":"","overlay-type":"","overlay-color":"","overlay-opacity":"","overlay-gradient":""},"tablet":{"background-color":"","background-image":"","background-repeat":"repeat","background-position":"center center","background-size":"auto","background-attachment":"scroll","background-type":"","background-media":"","overlay-type":"","overlay-color":"","overlay-opacity":"","overlay-gradient":""},"mobile":{"background-color":"","background-image":"","background-repeat":"repeat","background-position":"center center","background-size":"auto","background-attachment":"scroll","background-type":"","background-media":"","overlay-type":"","overlay-color":"","overlay-opacity":"","overlay-gradient":""}},"ast-content-background-meta":{"desktop":{"background-color":"var(--ast-global-color-5)","background-image":"","background-repeat":"repeat","background-position":"center center","background-size":"auto","background-attachment":"scroll","background-type":"","background-media":"","overlay-type":"","overlay-color":"","overlay-opacity":"","overlay-gradient":""},"tablet":{"background-color":"var(--ast-global-color-5)","background-image":"","background-repeat":"repeat","background-position":"center center","background-size":"auto","background-attachment":"scroll","background-type":"","background-media":"","overlay-type":"","overlay-color":"","overlay-opacity":"","overlay-gradient":""},"mobile":{"background-color":"var(--ast-global-color-5)","background-image":"","background-repeat":"repeat","background-position":"center center","background-size":"auto","background-attachment":"scroll","background-type":"","background-media":"","overlay-type":"","overlay-color":"","overlay-opacity":"","overlay-gradient":""}},"_joinchat":[]},"product_brand":[],"product_cat":[43],"product_tag":[],"class_list":{"0":"post-3489","1":"product","2":"type-product","3":"status-publish","4":"has-post-thumbnail","6":"product_cat-bluray","7":"desktop-align-left","8":"tablet-align-left","9":"mobile-align-left","11":"first","12":"instock","13":"shipping-taxable","14":"purchasable","15":"product-type-simple"},"_links":{"self":[{"href":"https:\/\/cinemasoul.es\/index.php?rest_route=\/wp\/v2\/product\/3489","targetHints":{"allow":["GET"]}}],"collection":[{"href":"https:\/\/cinemasoul.es\/index.php?rest_route=\/wp\/v2\/product"}],"about":[{"href":"https:\/\/cinemasoul.es\/index.php?rest_route=\/wp\/v2\/types\/product"}],"replies":[{"embeddable":true,"href":"https:\/\/cinemasoul.es\/index.php?rest_route=%2Fwp%2Fv2%2Fcomments&post=3489"}],"version-history":[{"count":1,"href":"https:\/\/cinemasoul.es\/index.php?rest_route=\/wp\/v2\/product\/3489\/revisions"}],"predecessor-version":[{"id":3491,"href":"https:\/\/cinemasoul.es\/index.php?rest_route=\/wp\/v2\/product\/3489\/revisions\/3491"}],"wp:featuredmedia":[{"embeddable":true,"href":"https:\/\/cinemasoul.es\/index.php?rest_route=\/wp\/v2\/media\/3490"}],"wp:attachment":[{"href":"https:\/\/cinemasoul.es\/index.php?rest_route=%2Fwp%2Fv2%2Fmedia&parent=3489"}],"wp:term":[{"taxonomy":"product_brand","embeddable":true,"href":"https:\/\/cinemasoul.es\/index.php?rest_route=%2Fwp%2Fv2%2Fproduct_brand&post=3489"},{"taxonomy":"product_cat","embeddable":true,"href":"https:\/\/cinemasoul.es\/index.php?rest_route=%2Fwp%2Fv2%2Fproduct_cat&post=3489"},{"taxonomy":"product_tag","embeddable":true,"href":"https:\/\/cinemasoul.es\/index.php?rest_route=%2Fwp%2Fv2%2Fproduct_tag&post=3489"}],"curies":[{"name":"wp","href":"https:\/\/api.w.org\/{rel}","templated":true}]}}