{"id":3486,"date":"2021-10-25T21:01:48","date_gmt":"2021-10-25T21:01:48","guid":{"rendered":"http:\/\/www.cinemasoul.es\/?post_type=product&#038;p=3486"},"modified":"2021-10-25T21:01:48","modified_gmt":"2021-10-25T21:01:48","slug":"el-huevo-de-la-serpiente","status":"publish","type":"product","link":"https:\/\/cinemasoul.es\/?product=el-huevo-de-la-serpiente","title":{"rendered":"El huevo de la serpiente"},"content":{"rendered":"<p>Direcci\u00f3n: <span class=\"nb\"><a title=\"Ingmar Bergman\" href=\"https:\/\/www.filmaffinity.com\/es\/search.php?stype=director&amp;sn&amp;stext=Ingmar%20Bergman\">Ingmar Bergman<\/a><\/span><\/p>\n<p>Guion: <span class=\"nb\">Ingmar Bergman<\/span><\/p>\n<p>M\u00fasica: <span class=\"nb\">Rolf A. Wilhelm<\/span><\/p>\n<p>Fotograf\u00eda: <span class=\"nb\">Sven Nykvist<\/span><\/p>\n<p>Reparto: <span class=\"nb\"><a title=\"David Carradine\" href=\"https:\/\/www.filmaffinity.com\/es\/search.php?stype=cast&amp;sn&amp;stext=David%20Carradine\">David Carradine<\/a>,<\/span>\u00a0<span class=\"nb\"><a title=\"Liv Ullmann\" href=\"https:\/\/www.filmaffinity.com\/es\/search.php?stype=cast&amp;sn&amp;stext=Liv%20Ullmann\">Liv Ullmann<\/a>,<\/span>\u00a0<span class=\"nb\"><a title=\"Gert Fr\u00f6be\" href=\"https:\/\/www.filmaffinity.com\/es\/search.php?stype=cast&amp;sn&amp;stext=Gert%20Fr%C3%B6be\">Gert Fr\u00f6be<\/a>,<\/span>\u00a0<span class=\"nb\"><a title=\"Heinz Bennent\" href=\"https:\/\/www.filmaffinity.com\/es\/search.php?stype=cast&amp;sn&amp;stext=Heinz%20Bennent\">Heinz Bennent<\/a>,<\/span>\u00a0<span class=\"nb\"><a title=\"James Whitmore\" href=\"https:\/\/www.filmaffinity.com\/es\/search.php?stype=cast&amp;sn&amp;stext=James%20Whitmore\">James Whitmore<\/a>,<\/span>\u00a0<span class=\"nb\"><a title=\"Glynn Turman\" href=\"https:\/\/www.filmaffinity.com\/es\/search.php?stype=cast&amp;sn&amp;stext=Glynn%20Turman\">Glynn Turman<\/a>,<\/span>\u00a0<span class=\"nb\"><a title=\"Gunther Malzacher\" href=\"https:\/\/www.filmaffinity.com\/es\/search.php?stype=cast&amp;sn&amp;stext=Gunther%20Malzacher\">Gunther Malzacher<\/a>,<\/span>\u00a0<span class=\"nb\"><a title=\"Walter Schmidinger\" href=\"https:\/\/www.filmaffinity.com\/es\/search.php?stype=cast&amp;sn&amp;stext=Walter%20Schmidinger\">Walter Schmidinger<\/a>,<\/span>\u00a0<span class=\"nb\"><a title=\"Charles R\u00e9gnier\" href=\"https:\/\/www.filmaffinity.com\/es\/search.php?stype=cast&amp;sn&amp;stext=Charles%20R%C3%A9gnier\">Charles R\u00e9gnier<\/a>,<\/span>\u00a0<span class=\"nb\"><a title=\"Isolde Barth\" href=\"https:\/\/www.filmaffinity.com\/es\/search.php?stype=cast&amp;sn&amp;stext=Isolde%20Barth\">Isolde Barth<\/a>,<\/span>\u00a0<span class=\"nb\"><a title=\"Edith Heerdegen\" href=\"https:\/\/www.filmaffinity.com\/es\/search.php?stype=cast&amp;sn&amp;stext=Edith%20Heerdegen\">Edith Heerdegen<\/a>,<\/span>\u00a0<span class=\"nb\"><a title=\"Kyra Mladeck\" href=\"https:\/\/www.filmaffinity.com\/es\/search.php?stype=cast&amp;sn&amp;stext=Kyra%20Mladeck\">Kyra Mladeck<\/a>,<\/span>\u00a0<span class=\"nb\"><a title=\"Irene Steinbeisser\" href=\"https:\/\/www.filmaffinity.com\/es\/search.php?stype=cast&amp;sn&amp;stext=Irene%20Steinbeisser\">Irene Steinbeisser<\/a><\/span><\/p>\n<p>G\u00e9nero: <a href=\"https:\/\/www.filmaffinity.com\/es\/moviegenre.php?genre=DR&amp;attr=rat_count&amp;nodoc\">Drama<\/a>.\u00a0<a href=\"https:\/\/www.filmaffinity.com\/es\/moviegenre.php?genre=INT&amp;attr=rat_count&amp;nodoc\">Intriga<\/a>\u00a0|\u00a0<a href=\"https:\/\/www.filmaffinity.com\/es\/movietopic.php?topic=986798&amp;attr=rat_count&amp;nodoc\">A\u00f1os 20<\/a><\/p>\n","protected":false},"excerpt":{"rendered":"<p>Sinopsis: Alemania, a\u00f1os 20; un paquete de tabaco cuesta 40 billones de marcos. En Berl\u00edn Abel, un trapecista judio norteamericano y alcoh\u00f3lico encuentra el cad\u00e1ver de su hermano en la habitaci\u00f3n que ambos comparten. Se ha suicidado, y Abel se siente responsable de su cu\u00f1ada, Manuela, que trabaja en un cabaret. Entre ambos surge una relaci\u00f3n de mutua dependencia, en un mundo golpeado por la crisis, la violencia y la muerte.<\/p>\n","protected":false},"featured_media":3487,"comment_status":"open","ping_status":"closed","template":"","meta":{"site-sidebar-layout":"default","site-content-layout":"default","ast-site-content-layout":"default","site-content-style":"default","site-sidebar-style":"default","ast-global-header-display":"","ast-banner-title-visibility":"","ast-main-header-display":"","ast-hfb-above-header-display":"","ast-hfb-below-header-display":"","ast-hfb-mobile-header-display":"","site-post-title":"","ast-breadcrumbs-content":"","ast-featured-img":"","footer-sml-layout":"","ast-disable-related-posts":"","theme-transparent-header-meta":"default","adv-header-id-meta":"","stick-header-meta":"","header-above-stick-meta":"","header-main-stick-meta":"","header-below-stick-meta":"","astra-migrate-meta-layouts":"default","ast-page-background-enabled":"default","ast-page-background-meta":{"desktop":{"background-color":"","background-image":"","background-repeat":"repeat","background-position":"center center","background-size":"auto","background-attachment":"scroll","background-type":"","background-media":"","overlay-type":"","overlay-color":"","overlay-opacity":"","overlay-gradient":""},"tablet":{"background-color":"","background-image":"","background-repeat":"repeat","background-position":"center center","background-size":"auto","background-attachment":"scroll","background-type":"","background-media":"","overlay-type":"","overlay-color":"","overlay-opacity":"","overlay-gradient":""},"mobile":{"background-color":"","background-image":"","background-repeat":"repeat","background-position":"center center","background-size":"auto","background-attachment":"scroll","background-type":"","background-media":"","overlay-type":"","overlay-color":"","overlay-opacity":"","overlay-gradient":""}},"ast-content-background-meta":{"desktop":{"background-color":"var(--ast-global-color-5)","background-image":"","background-repeat":"repeat","background-position":"center center","background-size":"auto","background-attachment":"scroll","background-type":"","background-media":"","overlay-type":"","overlay-color":"","overlay-opacity":"","overlay-gradient":""},"tablet":{"background-color":"var(--ast-global-color-5)","background-image":"","background-repeat":"repeat","background-position":"center center","background-size":"auto","background-attachment":"scroll","background-type":"","background-media":"","overlay-type":"","overlay-color":"","overlay-opacity":"","overlay-gradient":""},"mobile":{"background-color":"var(--ast-global-color-5)","background-image":"","background-repeat":"repeat","background-position":"center center","background-size":"auto","background-attachment":"scroll","background-type":"","background-media":"","overlay-type":"","overlay-color":"","overlay-opacity":"","overlay-gradient":""}},"_joinchat":[]},"product_brand":[],"product_cat":[43],"product_tag":[],"class_list":{"0":"post-3486","1":"product","2":"type-product","3":"status-publish","4":"has-post-thumbnail","6":"product_cat-bluray","7":"desktop-align-left","8":"tablet-align-left","9":"mobile-align-left","11":"first","12":"instock","13":"shipping-taxable","14":"purchasable","15":"product-type-simple"},"_links":{"self":[{"href":"https:\/\/cinemasoul.es\/index.php?rest_route=\/wp\/v2\/product\/3486","targetHints":{"allow":["GET"]}}],"collection":[{"href":"https:\/\/cinemasoul.es\/index.php?rest_route=\/wp\/v2\/product"}],"about":[{"href":"https:\/\/cinemasoul.es\/index.php?rest_route=\/wp\/v2\/types\/product"}],"replies":[{"embeddable":true,"href":"https:\/\/cinemasoul.es\/index.php?rest_route=%2Fwp%2Fv2%2Fcomments&post=3486"}],"version-history":[{"count":1,"href":"https:\/\/cinemasoul.es\/index.php?rest_route=\/wp\/v2\/product\/3486\/revisions"}],"predecessor-version":[{"id":3488,"href":"https:\/\/cinemasoul.es\/index.php?rest_route=\/wp\/v2\/product\/3486\/revisions\/3488"}],"wp:featuredmedia":[{"embeddable":true,"href":"https:\/\/cinemasoul.es\/index.php?rest_route=\/wp\/v2\/media\/3487"}],"wp:attachment":[{"href":"https:\/\/cinemasoul.es\/index.php?rest_route=%2Fwp%2Fv2%2Fmedia&parent=3486"}],"wp:term":[{"taxonomy":"product_brand","embeddable":true,"href":"https:\/\/cinemasoul.es\/index.php?rest_route=%2Fwp%2Fv2%2Fproduct_brand&post=3486"},{"taxonomy":"product_cat","embeddable":true,"href":"https:\/\/cinemasoul.es\/index.php?rest_route=%2Fwp%2Fv2%2Fproduct_cat&post=3486"},{"taxonomy":"product_tag","embeddable":true,"href":"https:\/\/cinemasoul.es\/index.php?rest_route=%2Fwp%2Fv2%2Fproduct_tag&post=3486"}],"curies":[{"name":"wp","href":"https:\/\/api.w.org\/{rel}","templated":true}]}}