{"id":3477,"date":"2021-10-25T20:50:31","date_gmt":"2021-10-25T20:50:31","guid":{"rendered":"http:\/\/www.cinemasoul.es\/?post_type=product&#038;p=3477"},"modified":"2021-10-25T20:50:32","modified_gmt":"2021-10-25T20:50:32","slug":"el-robo-de-la-gioconda","status":"publish","type":"product","link":"https:\/\/cinemasoul.es\/?product=el-robo-de-la-gioconda","title":{"rendered":"el robo de la Gioconda"},"content":{"rendered":"<p>Direcci\u00f3n: <span class=\"nb\"><a title=\"Fabrizio Costa\" href=\"https:\/\/www.filmaffinity.com\/es\/search.php?stype=director&amp;sn&amp;stext=Fabrizio%20Costa\">Fabrizio Costa<\/a><\/span><\/p>\n<p>Guion: <span class=\"nb\">Pietro Calderoni,<\/span>\u00a0<span class=\"nb\">Gualtiero Rosella<\/span><\/p>\n<p>M\u00fasica: <span class=\"nb\">Stefano Caprioli<\/span><\/p>\n<p>Fotograf\u00eda: <span class=\"nb\">Fabrizio Lucci<\/span><\/p>\n<p>Reparto: <span class=\"nb\"><a title=\"Alessandro Preziosi\" href=\"https:\/\/www.filmaffinity.com\/es\/search.php?stype=cast&amp;sn&amp;stext=Alessandro%20Preziosi\">Alessandro Preziosi<\/a>,<\/span>\u00a0<span class=\"nb\"><a title=\"Violante Pl\u00e1cido\" href=\"https:\/\/www.filmaffinity.com\/es\/search.php?stype=cast&amp;sn&amp;stext=Violante%20Pl%C3%A1cido\">Violante Pl\u00e1cido<\/a>,<\/span>\u00a0<span class=\"nb\"><a title=\"Fr\u00e9d\u00e9ric Pierrot\" href=\"https:\/\/www.filmaffinity.com\/es\/search.php?stype=cast&amp;sn&amp;stext=Fr%C3%A9d%C3%A9ric%20Pierrot\">Fr\u00e9d\u00e9ric Pierrot<\/a>,<\/span>\u00a0<span class=\"nb\"><a title=\"C\u00e9cile Cassel\" href=\"https:\/\/www.filmaffinity.com\/es\/search.php?stype=cast&amp;sn&amp;stext=C%C3%A9cile%20Cassel\">C\u00e9cile Cassel<\/a>,<\/span>\u00a0<span class=\"nb\"><a title=\"Tom Novembre\" href=\"https:\/\/www.filmaffinity.com\/es\/search.php?stype=cast&amp;sn&amp;stext=Tom%20Novembre\">Tom Novembre<\/a>,<\/span>\u00a0<span class=\"nb\"><a title=\"Michel Cr\u00e9mad\u00e8s\" href=\"https:\/\/www.filmaffinity.com\/es\/search.php?stype=cast&amp;sn&amp;stext=Michel%20Cr%C3%A9mad%C3%A8s\">Michel Cr\u00e9mad\u00e8s<\/a>,<\/span>\u00a0<span class=\"nb\"><a title=\"Fred Personne\" href=\"https:\/\/www.filmaffinity.com\/es\/search.php?stype=cast&amp;sn&amp;stext=Fred%20Personne\">Fred Personne<\/a>,<\/span>\u00a0<span class=\"nb\"><a title=\"Fabio Troiano\" href=\"https:\/\/www.filmaffinity.com\/es\/search.php?stype=cast&amp;sn&amp;stext=Fabio%20Troiano\">Fabio Troiano<\/a>,<\/span>\u00a0<span class=\"nb\"><a title=\"Carlo Cartier\" href=\"https:\/\/www.filmaffinity.com\/es\/search.php?stype=cast&amp;sn&amp;stext=Carlo%20Cartier\">Carlo Cartier<\/a>,<\/span>\u00a0<span class=\"nb\"><a title=\"Giovanni Bissaca\" href=\"https:\/\/www.filmaffinity.com\/es\/search.php?stype=cast&amp;sn&amp;stext=Giovanni%20Bissaca\">Giovanni Bissaca<\/a>,<\/span>\u00a0<span class=\"nb\"><a title=\"Rossana Mortara\" href=\"https:\/\/www.filmaffinity.com\/es\/search.php?stype=cast&amp;sn&amp;stext=Rossana%20Mortara\">Rossana Mortara<\/a>,<\/span>\u00a0<span class=\"nb\"><a title=\"Marcello Prayer\" href=\"https:\/\/www.filmaffinity.com\/es\/search.php?stype=cast&amp;sn&amp;stext=Marcello%20Prayer\">Marcello Prayer<\/a>,<\/span>\u00a0<span class=\"nb\"><a title=\"Emilio De Marchi\" href=\"https:\/\/www.filmaffinity.com\/es\/search.php?stype=cast&amp;sn&amp;stext=Emilio%20De%20Marchi\">Emilio De Marchi<\/a>,<\/span>\u00a0<span class=\"nb\"><a title=\"Judith El Zein\" href=\"https:\/\/www.filmaffinity.com\/es\/search.php?stype=cast&amp;sn&amp;stext=Judith%20El%20Zein\">Judith El Zein<\/a><\/span><\/p>\n<p>G\u00e9nero: <a href=\"https:\/\/www.filmaffinity.com\/es\/moviegenre.php?genre=DR&amp;attr=rat_count&amp;nodoc\">Drama<\/a><\/p>\n","protected":false},"excerpt":{"rendered":"<p>Sinopsis: Corre el a\u00f1o 1911 y Vincenzo Peruggia (Alessandro Preziosi), un inmigrante italiano en Francia, trabaja en Par\u00eds como obrero en el Museo del Louvre. Un d\u00eda Vincenzo decide robar la famosa Mona Lisa de Leonardo da Vinci, con la intenci\u00f3n de regresar con ella a Italia, porque cree que la obra fue robada por Napole\u00f3n y debe volver a su tierra de origen.<\/p>\n","protected":false},"featured_media":3478,"comment_status":"open","ping_status":"closed","template":"","meta":{"site-sidebar-layout":"default","site-content-layout":"default","ast-site-content-layout":"default","site-content-style":"default","site-sidebar-style":"default","ast-global-header-display":"","ast-banner-title-visibility":"","ast-main-header-display":"","ast-hfb-above-header-display":"","ast-hfb-below-header-display":"","ast-hfb-mobile-header-display":"","site-post-title":"","ast-breadcrumbs-content":"","ast-featured-img":"","footer-sml-layout":"","ast-disable-related-posts":"","theme-transparent-header-meta":"default","adv-header-id-meta":"","stick-header-meta":"","header-above-stick-meta":"","header-main-stick-meta":"","header-below-stick-meta":"","astra-migrate-meta-layouts":"default","ast-page-background-enabled":"default","ast-page-background-meta":{"desktop":{"background-color":"","background-image":"","background-repeat":"repeat","background-position":"center center","background-size":"auto","background-attachment":"scroll","background-type":"","background-media":"","overlay-type":"","overlay-color":"","overlay-opacity":"","overlay-gradient":""},"tablet":{"background-color":"","background-image":"","background-repeat":"repeat","background-position":"center center","background-size":"auto","background-attachment":"scroll","background-type":"","background-media":"","overlay-type":"","overlay-color":"","overlay-opacity":"","overlay-gradient":""},"mobile":{"background-color":"","background-image":"","background-repeat":"repeat","background-position":"center center","background-size":"auto","background-attachment":"scroll","background-type":"","background-media":"","overlay-type":"","overlay-color":"","overlay-opacity":"","overlay-gradient":""}},"ast-content-background-meta":{"desktop":{"background-color":"var(--ast-global-color-5)","background-image":"","background-repeat":"repeat","background-position":"center center","background-size":"auto","background-attachment":"scroll","background-type":"","background-media":"","overlay-type":"","overlay-color":"","overlay-opacity":"","overlay-gradient":""},"tablet":{"background-color":"var(--ast-global-color-5)","background-image":"","background-repeat":"repeat","background-position":"center center","background-size":"auto","background-attachment":"scroll","background-type":"","background-media":"","overlay-type":"","overlay-color":"","overlay-opacity":"","overlay-gradient":""},"mobile":{"background-color":"var(--ast-global-color-5)","background-image":"","background-repeat":"repeat","background-position":"center center","background-size":"auto","background-attachment":"scroll","background-type":"","background-media":"","overlay-type":"","overlay-color":"","overlay-opacity":"","overlay-gradient":""}},"_joinchat":[]},"product_brand":[],"product_cat":[42],"product_tag":[],"class_list":{"0":"post-3477","1":"product","2":"type-product","3":"status-publish","4":"has-post-thumbnail","6":"product_cat-dvd","7":"desktop-align-left","8":"tablet-align-left","9":"mobile-align-left","11":"first","12":"instock","13":"shipping-taxable","14":"purchasable","15":"product-type-simple"},"_links":{"self":[{"href":"https:\/\/cinemasoul.es\/index.php?rest_route=\/wp\/v2\/product\/3477","targetHints":{"allow":["GET"]}}],"collection":[{"href":"https:\/\/cinemasoul.es\/index.php?rest_route=\/wp\/v2\/product"}],"about":[{"href":"https:\/\/cinemasoul.es\/index.php?rest_route=\/wp\/v2\/types\/product"}],"replies":[{"embeddable":true,"href":"https:\/\/cinemasoul.es\/index.php?rest_route=%2Fwp%2Fv2%2Fcomments&post=3477"}],"version-history":[{"count":1,"href":"https:\/\/cinemasoul.es\/index.php?rest_route=\/wp\/v2\/product\/3477\/revisions"}],"predecessor-version":[{"id":3479,"href":"https:\/\/cinemasoul.es\/index.php?rest_route=\/wp\/v2\/product\/3477\/revisions\/3479"}],"wp:featuredmedia":[{"embeddable":true,"href":"https:\/\/cinemasoul.es\/index.php?rest_route=\/wp\/v2\/media\/3478"}],"wp:attachment":[{"href":"https:\/\/cinemasoul.es\/index.php?rest_route=%2Fwp%2Fv2%2Fmedia&parent=3477"}],"wp:term":[{"taxonomy":"product_brand","embeddable":true,"href":"https:\/\/cinemasoul.es\/index.php?rest_route=%2Fwp%2Fv2%2Fproduct_brand&post=3477"},{"taxonomy":"product_cat","embeddable":true,"href":"https:\/\/cinemasoul.es\/index.php?rest_route=%2Fwp%2Fv2%2Fproduct_cat&post=3477"},{"taxonomy":"product_tag","embeddable":true,"href":"https:\/\/cinemasoul.es\/index.php?rest_route=%2Fwp%2Fv2%2Fproduct_tag&post=3477"}],"curies":[{"name":"wp","href":"https:\/\/api.w.org\/{rel}","templated":true}]}}