{"id":3474,"date":"2021-10-25T20:46:57","date_gmt":"2021-10-25T20:46:57","guid":{"rendered":"http:\/\/www.cinemasoul.es\/?post_type=product&#038;p=3474"},"modified":"2021-10-25T20:46:58","modified_gmt":"2021-10-25T20:46:58","slug":"el-cinturon-de-castidad","status":"publish","type":"product","link":"https:\/\/cinemasoul.es\/?product=el-cinturon-de-castidad","title":{"rendered":"El cinturon de castidad"},"content":{"rendered":"<p>Direcci\u00f3n: <span class=\"nb\"><a title=\"Pasquale Festa Campanile\" href=\"https:\/\/www.filmaffinity.com\/es\/search.php?stype=director&amp;sn&amp;stext=Pasquale%20Festa%20Campanile\">Pasquale Festa Campanile<\/a><\/span><\/p>\n<p>Guion: <span class=\"nb\">Luigi Magni,<\/span>\u00a0<span class=\"nb\">Larry Gelbart.<\/span><i>\u00a0Historia:<\/i>\u00a0<span class=\"nb\">Ugo Liberatore<\/span><\/p>\n<p>M\u00fasica: <span class=\"nb\">Riz Ortolani<\/span><\/p>\n<p>Fotograf\u00eda: <span class=\"nb\">Carlo Di Palma<\/span><\/p>\n<p>Reparto: <span class=\"nb\"><a title=\"Tony Curtis\" href=\"https:\/\/www.filmaffinity.com\/es\/search.php?stype=cast&amp;sn&amp;stext=Tony%20Curtis\">Tony Curtis<\/a>,<\/span>\u00a0<span class=\"nb\"><a title=\"Monica Vitti\" href=\"https:\/\/www.filmaffinity.com\/es\/search.php?stype=cast&amp;sn&amp;stext=Monica%20Vitti\">Monica Vitti<\/a>,<\/span>\u00a0<span class=\"nb\"><a title=\"Hugh Griffith\" href=\"https:\/\/www.filmaffinity.com\/es\/search.php?stype=cast&amp;sn&amp;stext=Hugh%20Griffith\">Hugh Griffith<\/a>,<\/span>\u00a0<span class=\"nb\"><a title=\"John Richardson\" href=\"https:\/\/www.filmaffinity.com\/es\/search.php?stype=cast&amp;sn&amp;stext=John%20Richardson\">John Richardson<\/a>,<\/span>\u00a0<span class=\"nb\"><a title=\"Nino Castelnuovo\" href=\"https:\/\/www.filmaffinity.com\/es\/search.php?stype=cast&amp;sn&amp;stext=Nino%20Castelnuovo\">Nino Castelnuovo<\/a>,<\/span>\u00a0<span class=\"nb\"><a title=\"Ivo Garrani\" href=\"https:\/\/www.filmaffinity.com\/es\/search.php?stype=cast&amp;sn&amp;stext=Ivo%20Garrani\">Ivo Garrani<\/a>,<\/span>\u00a0<span class=\"nb\"><a title=\"Franco Sportelli\" href=\"https:\/\/www.filmaffinity.com\/es\/search.php?stype=cast&amp;sn&amp;stext=Franco%20Sportelli\">Franco Sportelli<\/a>,<\/span>\u00a0<span class=\"nb\"><a title=\"Lauro Gazzolo\" href=\"https:\/\/www.filmaffinity.com\/es\/search.php?stype=cast&amp;sn&amp;stext=Lauro%20Gazzolo\">Lauro Gazzolo<\/a>,<\/span>\u00a0<span class=\"nb\"><a title=\"Umberto Raho\" href=\"https:\/\/www.filmaffinity.com\/es\/search.php?stype=cast&amp;sn&amp;stext=Umberto%20Raho\">Umberto Raho<\/a>,<\/span>\u00a0<span class=\"nb\"><a title=\"Gabriella Giorgelli\" href=\"https:\/\/www.filmaffinity.com\/es\/search.php?stype=cast&amp;sn&amp;stext=Gabriella%20Giorgelli\">Gabriella Giorgelli<\/a>,<\/span>\u00a0<span class=\"nb\"><a title=\"Ugo Adinolfi\" href=\"https:\/\/www.filmaffinity.com\/es\/search.php?stype=cast&amp;sn&amp;stext=Ugo%20Adinolfi\">Ugo Adinolfi<\/a>,<\/span>\u00a0<span class=\"nb\"><a title=\"Mimmo Poli\" href=\"https:\/\/www.filmaffinity.com\/es\/search.php?stype=cast&amp;sn&amp;stext=Mimmo%20Poli\">Mimmo Poli<\/a>,<\/span>\u00a0<span class=\"nb\"><a title=\"Omero Capanna\" href=\"https:\/\/www.filmaffinity.com\/es\/search.php?stype=cast&amp;sn&amp;stext=Omero%20Capanna\">Omero Capanna<\/a>,<\/span>\u00a0<span class=\"nb\"><a title=\"Franco Fantasia\" href=\"https:\/\/www.filmaffinity.com\/es\/search.php?stype=cast&amp;sn&amp;stext=Franco%20Fantasia\">Franco Fantasia<\/a>,<\/span>\u00a0<span class=\"nb\"><a title=\"Leopoldo Trieste\" href=\"https:\/\/www.filmaffinity.com\/es\/search.php?stype=cast&amp;sn&amp;stext=Leopoldo%20Trieste\">Leopoldo Trieste<\/a><\/span><\/p>\n<p>G\u00e9nero: <a href=\"https:\/\/www.filmaffinity.com\/es\/moviegenre.php?genre=CO&amp;attr=rat_count&amp;nodoc\">Comedia<\/a>.\u00a0<a href=\"https:\/\/www.filmaffinity.com\/es\/moviegenre.php?genre=AV&amp;attr=rat_count&amp;nodoc\">Aventuras<\/a>.\u00a0<a href=\"https:\/\/www.filmaffinity.com\/es\/moviegenre.php?genre=RO&amp;attr=rat_count&amp;nodoc\">Romance<\/a>\u00a0|\u00a0<a href=\"https:\/\/www.filmaffinity.com\/es\/movietopic.php?topic=514013&amp;attr=rat_count&amp;nodoc\">Edad Media<\/a><\/p>\n","protected":false},"excerpt":{"rendered":"<p>Sinopsis: Un armado caballero se enamora de la bella Boccadoro, con la conseguir\u00e1 casarse, pero no consumar el matrimonio, dada la costumbre medieval de que los reci\u00e9n casados pasen \u201clas tres noches de Tob\u00edas\u201d en oraci\u00f3n y penitencia. Cuando va a consumar su uni\u00f3n conyugal es llamado imperativamente a luchar contra los sarracenos. Por precauci\u00f3n, recurre a otra costumbre medieval: el cintur\u00f3n de castidad.<\/p>\n","protected":false},"featured_media":3475,"comment_status":"open","ping_status":"closed","template":"","meta":{"site-sidebar-layout":"default","site-content-layout":"default","ast-site-content-layout":"default","site-content-style":"default","site-sidebar-style":"default","ast-global-header-display":"","ast-banner-title-visibility":"","ast-main-header-display":"","ast-hfb-above-header-display":"","ast-hfb-below-header-display":"","ast-hfb-mobile-header-display":"","site-post-title":"","ast-breadcrumbs-content":"","ast-featured-img":"","footer-sml-layout":"","ast-disable-related-posts":"","theme-transparent-header-meta":"default","adv-header-id-meta":"","stick-header-meta":"","header-above-stick-meta":"","header-main-stick-meta":"","header-below-stick-meta":"","astra-migrate-meta-layouts":"default","ast-page-background-enabled":"default","ast-page-background-meta":{"desktop":{"background-color":"","background-image":"","background-repeat":"repeat","background-position":"center center","background-size":"auto","background-attachment":"scroll","background-type":"","background-media":"","overlay-type":"","overlay-color":"","overlay-opacity":"","overlay-gradient":""},"tablet":{"background-color":"","background-image":"","background-repeat":"repeat","background-position":"center center","background-size":"auto","background-attachment":"scroll","background-type":"","background-media":"","overlay-type":"","overlay-color":"","overlay-opacity":"","overlay-gradient":""},"mobile":{"background-color":"","background-image":"","background-repeat":"repeat","background-position":"center center","background-size":"auto","background-attachment":"scroll","background-type":"","background-media":"","overlay-type":"","overlay-color":"","overlay-opacity":"","overlay-gradient":""}},"ast-content-background-meta":{"desktop":{"background-color":"var(--ast-global-color-5)","background-image":"","background-repeat":"repeat","background-position":"center center","background-size":"auto","background-attachment":"scroll","background-type":"","background-media":"","overlay-type":"","overlay-color":"","overlay-opacity":"","overlay-gradient":""},"tablet":{"background-color":"var(--ast-global-color-5)","background-image":"","background-repeat":"repeat","background-position":"center center","background-size":"auto","background-attachment":"scroll","background-type":"","background-media":"","overlay-type":"","overlay-color":"","overlay-opacity":"","overlay-gradient":""},"mobile":{"background-color":"var(--ast-global-color-5)","background-image":"","background-repeat":"repeat","background-position":"center center","background-size":"auto","background-attachment":"scroll","background-type":"","background-media":"","overlay-type":"","overlay-color":"","overlay-opacity":"","overlay-gradient":""}},"_joinchat":[]},"product_brand":[],"product_cat":[42],"product_tag":[],"class_list":{"0":"post-3474","1":"product","2":"type-product","3":"status-publish","4":"has-post-thumbnail","6":"product_cat-dvd","7":"desktop-align-left","8":"tablet-align-left","9":"mobile-align-left","11":"first","12":"instock","13":"shipping-taxable","14":"purchasable","15":"product-type-simple"},"_links":{"self":[{"href":"https:\/\/cinemasoul.es\/index.php?rest_route=\/wp\/v2\/product\/3474","targetHints":{"allow":["GET"]}}],"collection":[{"href":"https:\/\/cinemasoul.es\/index.php?rest_route=\/wp\/v2\/product"}],"about":[{"href":"https:\/\/cinemasoul.es\/index.php?rest_route=\/wp\/v2\/types\/product"}],"replies":[{"embeddable":true,"href":"https:\/\/cinemasoul.es\/index.php?rest_route=%2Fwp%2Fv2%2Fcomments&post=3474"}],"version-history":[{"count":1,"href":"https:\/\/cinemasoul.es\/index.php?rest_route=\/wp\/v2\/product\/3474\/revisions"}],"predecessor-version":[{"id":3476,"href":"https:\/\/cinemasoul.es\/index.php?rest_route=\/wp\/v2\/product\/3474\/revisions\/3476"}],"wp:featuredmedia":[{"embeddable":true,"href":"https:\/\/cinemasoul.es\/index.php?rest_route=\/wp\/v2\/media\/3475"}],"wp:attachment":[{"href":"https:\/\/cinemasoul.es\/index.php?rest_route=%2Fwp%2Fv2%2Fmedia&parent=3474"}],"wp:term":[{"taxonomy":"product_brand","embeddable":true,"href":"https:\/\/cinemasoul.es\/index.php?rest_route=%2Fwp%2Fv2%2Fproduct_brand&post=3474"},{"taxonomy":"product_cat","embeddable":true,"href":"https:\/\/cinemasoul.es\/index.php?rest_route=%2Fwp%2Fv2%2Fproduct_cat&post=3474"},{"taxonomy":"product_tag","embeddable":true,"href":"https:\/\/cinemasoul.es\/index.php?rest_route=%2Fwp%2Fv2%2Fproduct_tag&post=3474"}],"curies":[{"name":"wp","href":"https:\/\/api.w.org\/{rel}","templated":true}]}}