{"id":3471,"date":"2021-10-25T20:43:22","date_gmt":"2021-10-25T20:43:22","guid":{"rendered":"http:\/\/www.cinemasoul.es\/?post_type=product&#038;p=3471"},"modified":"2021-10-25T20:43:23","modified_gmt":"2021-10-25T20:43:23","slug":"villa-fiorita","status":"publish","type":"product","link":"https:\/\/cinemasoul.es\/?product=villa-fiorita","title":{"rendered":"Villa Fiorita"},"content":{"rendered":"<p>Direcci\u00f3n: <span class=\"nb\"><a title=\"Delmer Daves\" href=\"https:\/\/www.filmaffinity.com\/es\/search.php?stype=director&amp;sn&amp;stext=Delmer%20Daves\">Delmer Daves<\/a><\/span><\/p>\n<p>Guion: <span class=\"nb\">Delmer Daves.<\/span><i>\u00a0Novela:<\/i>\u00a0<span class=\"nb\">Rumer Godden<\/span><\/p>\n<p>M\u00fasica: <span class=\"nb\">Mischa Spoliansky<\/span><\/p>\n<p>Fotograf\u00eda: <span class=\"nb\">Oswald Morris<\/span><\/p>\n<p>Reparto: <span class=\"nb\"><a title=\"Maureen O'Hara\" href=\"https:\/\/www.filmaffinity.com\/es\/search.php?stype=cast&amp;sn&amp;stext=Maureen%20O%27Hara\">Maureen O&#8217;Hara<\/a>,<\/span>\u00a0<span class=\"nb\"><a title=\"Rossano Brazzi\" href=\"https:\/\/www.filmaffinity.com\/es\/search.php?stype=cast&amp;sn&amp;stext=Rossano%20Brazzi\">Rossano Brazzi<\/a>,<\/span>\u00a0<span class=\"nb\"><a title=\"Richard Todd\" href=\"https:\/\/www.filmaffinity.com\/es\/search.php?stype=cast&amp;sn&amp;stext=Richard%20Todd\">Richard Todd<\/a>,<\/span>\u00a0<span class=\"nb\"><a title=\"Phyllis Calvert\" href=\"https:\/\/www.filmaffinity.com\/es\/search.php?stype=cast&amp;sn&amp;stext=Phyllis%20Calvert\">Phyllis Calvert<\/a>,<\/span>\u00a0<span class=\"nb\"><a title=\"Martin Stephens\" href=\"https:\/\/www.filmaffinity.com\/es\/search.php?stype=cast&amp;sn&amp;stext=Martin%20Stephens\">Martin Stephens<\/a>,<\/span>\u00a0<span class=\"nb\"><a title=\"Elizabeth Dear\" href=\"https:\/\/www.filmaffinity.com\/es\/search.php?stype=cast&amp;sn&amp;stext=Elizabeth%20Dear\">Elizabeth Dear<\/a>,<\/span>\u00a0<span class=\"nb\"><a title=\"Olivia Hussey\" href=\"https:\/\/www.filmaffinity.com\/es\/search.php?stype=cast&amp;sn&amp;stext=Olivia%20Hussey\">Olivia Hussey<\/a>,<\/span>\u00a0<span class=\"nb\"><a title=\"Maxine Audley\" href=\"https:\/\/www.filmaffinity.com\/es\/search.php?stype=cast&amp;sn&amp;stext=Maxine%20Audley\">Maxine Audley<\/a>,<\/span>\u00a0<span class=\"nb\"><a title=\"Ursula Jeans\" href=\"https:\/\/www.filmaffinity.com\/es\/search.php?stype=cast&amp;sn&amp;stext=Ursula%20Jeans\">Ursula Jeans<\/a>,<\/span>\u00a0<span class=\"nb\"><a title=\"Ettore Manni\" href=\"https:\/\/www.filmaffinity.com\/es\/search.php?stype=cast&amp;sn&amp;stext=Ettore%20Manni\">Ettore Manni<\/a><\/span><\/p>\n<p>G\u00e9nero: <a href=\"https:\/\/www.filmaffinity.com\/es\/moviegenre.php?genre=DR&amp;attr=rat_count&amp;nodoc\">Drama<\/a><\/p>\n","protected":false},"excerpt":{"rendered":"<p>Sinopsis: Moira Clavering, una americana casada con un ingl\u00e9s y madre de dos hijos, se va de casa para empezar una nueva vida en Italia con Lorenzo Tasara, un pianista viudo al que ha conocido durante unas vacaciones. Los hijos de Moira la visitan en Villa Fiorita, su nuevo hogar, y all\u00ed se aliar\u00e1n con la hija de Lorenzo para hacer fracasar la relaci\u00f3n de sus respectivos padres<\/p>\n","protected":false},"featured_media":3472,"comment_status":"open","ping_status":"closed","template":"","meta":{"site-sidebar-layout":"default","site-content-layout":"default","ast-site-content-layout":"default","site-content-style":"default","site-sidebar-style":"default","ast-global-header-display":"","ast-banner-title-visibility":"","ast-main-header-display":"","ast-hfb-above-header-display":"","ast-hfb-below-header-display":"","ast-hfb-mobile-header-display":"","site-post-title":"","ast-breadcrumbs-content":"","ast-featured-img":"","footer-sml-layout":"","ast-disable-related-posts":"","theme-transparent-header-meta":"default","adv-header-id-meta":"","stick-header-meta":"","header-above-stick-meta":"","header-main-stick-meta":"","header-below-stick-meta":"","astra-migrate-meta-layouts":"default","ast-page-background-enabled":"default","ast-page-background-meta":{"desktop":{"background-color":"","background-image":"","background-repeat":"repeat","background-position":"center center","background-size":"auto","background-attachment":"scroll","background-type":"","background-media":"","overlay-type":"","overlay-color":"","overlay-opacity":"","overlay-gradient":""},"tablet":{"background-color":"","background-image":"","background-repeat":"repeat","background-position":"center center","background-size":"auto","background-attachment":"scroll","background-type":"","background-media":"","overlay-type":"","overlay-color":"","overlay-opacity":"","overlay-gradient":""},"mobile":{"background-color":"","background-image":"","background-repeat":"repeat","background-position":"center center","background-size":"auto","background-attachment":"scroll","background-type":"","background-media":"","overlay-type":"","overlay-color":"","overlay-opacity":"","overlay-gradient":""}},"ast-content-background-meta":{"desktop":{"background-color":"var(--ast-global-color-5)","background-image":"","background-repeat":"repeat","background-position":"center center","background-size":"auto","background-attachment":"scroll","background-type":"","background-media":"","overlay-type":"","overlay-color":"","overlay-opacity":"","overlay-gradient":""},"tablet":{"background-color":"var(--ast-global-color-5)","background-image":"","background-repeat":"repeat","background-position":"center center","background-size":"auto","background-attachment":"scroll","background-type":"","background-media":"","overlay-type":"","overlay-color":"","overlay-opacity":"","overlay-gradient":""},"mobile":{"background-color":"var(--ast-global-color-5)","background-image":"","background-repeat":"repeat","background-position":"center center","background-size":"auto","background-attachment":"scroll","background-type":"","background-media":"","overlay-type":"","overlay-color":"","overlay-opacity":"","overlay-gradient":""}},"_joinchat":[]},"product_brand":[],"product_cat":[42],"product_tag":[],"class_list":{"0":"post-3471","1":"product","2":"type-product","3":"status-publish","4":"has-post-thumbnail","6":"product_cat-dvd","7":"desktop-align-left","8":"tablet-align-left","9":"mobile-align-left","11":"first","12":"instock","13":"shipping-taxable","14":"purchasable","15":"product-type-simple"},"_links":{"self":[{"href":"https:\/\/cinemasoul.es\/index.php?rest_route=\/wp\/v2\/product\/3471","targetHints":{"allow":["GET"]}}],"collection":[{"href":"https:\/\/cinemasoul.es\/index.php?rest_route=\/wp\/v2\/product"}],"about":[{"href":"https:\/\/cinemasoul.es\/index.php?rest_route=\/wp\/v2\/types\/product"}],"replies":[{"embeddable":true,"href":"https:\/\/cinemasoul.es\/index.php?rest_route=%2Fwp%2Fv2%2Fcomments&post=3471"}],"version-history":[{"count":1,"href":"https:\/\/cinemasoul.es\/index.php?rest_route=\/wp\/v2\/product\/3471\/revisions"}],"predecessor-version":[{"id":3473,"href":"https:\/\/cinemasoul.es\/index.php?rest_route=\/wp\/v2\/product\/3471\/revisions\/3473"}],"wp:featuredmedia":[{"embeddable":true,"href":"https:\/\/cinemasoul.es\/index.php?rest_route=\/wp\/v2\/media\/3472"}],"wp:attachment":[{"href":"https:\/\/cinemasoul.es\/index.php?rest_route=%2Fwp%2Fv2%2Fmedia&parent=3471"}],"wp:term":[{"taxonomy":"product_brand","embeddable":true,"href":"https:\/\/cinemasoul.es\/index.php?rest_route=%2Fwp%2Fv2%2Fproduct_brand&post=3471"},{"taxonomy":"product_cat","embeddable":true,"href":"https:\/\/cinemasoul.es\/index.php?rest_route=%2Fwp%2Fv2%2Fproduct_cat&post=3471"},{"taxonomy":"product_tag","embeddable":true,"href":"https:\/\/cinemasoul.es\/index.php?rest_route=%2Fwp%2Fv2%2Fproduct_tag&post=3471"}],"curies":[{"name":"wp","href":"https:\/\/api.w.org\/{rel}","templated":true}]}}