{"id":3468,"date":"2021-10-25T20:39:24","date_gmt":"2021-10-25T20:39:24","guid":{"rendered":"http:\/\/www.cinemasoul.es\/?post_type=product&#038;p=3468"},"modified":"2021-10-25T20:39:25","modified_gmt":"2021-10-25T20:39:25","slug":"el-vicario-de-olot","status":"publish","type":"product","link":"https:\/\/cinemasoul.es\/?product=el-vicario-de-olot","title":{"rendered":"El Vicario de Olot"},"content":{"rendered":"<p>Direcci\u00f3n: <span class=\"nb\"><a title=\"Ventura Pons\" href=\"https:\/\/www.filmaffinity.com\/es\/search.php?stype=director&amp;sn&amp;stext=Ventura%20Pons\">Ventura Pons<\/a><\/span><\/p>\n<p>Guion: <span class=\"nb\">Emili Teixidor<\/span><\/p>\n<p>M\u00fasica: <span class=\"nb\">Josep Maria Mainat<\/span><\/p>\n<p>Fotograf\u00eda: <span class=\"nb\">Tom\u00e1s Pladevall<\/span><\/p>\n<p>Reparto: <span class=\"nb\"><a title=\"Enric Maj\u00f3\" href=\"https:\/\/www.filmaffinity.com\/es\/search.php?stype=cast&amp;sn&amp;stext=Enric%20Maj%C3%B3\">Enric Maj\u00f3<\/a>,<\/span>\u00a0<span class=\"nb\"><a title=\"Enric Cus\u00ed\" href=\"https:\/\/www.filmaffinity.com\/es\/search.php?stype=cast&amp;sn&amp;stext=Enric%20Cus%C3%AD\">Enric Cus\u00ed<\/a>,<\/span>\u00a0<span class=\"nb\"><a title=\"Maria Aur\u00e8lia Capmany\" href=\"https:\/\/www.filmaffinity.com\/es\/search.php?stype=cast&amp;sn&amp;stext=Maria%20Aur%C3%A8lia%20Capmany\">Maria Aur\u00e8lia Capmany<\/a>,<\/span>\u00a0<span class=\"nb\"><a title=\"Marina Rossell\" href=\"https:\/\/www.filmaffinity.com\/es\/search.php?stype=cast&amp;sn&amp;stext=Marina%20Rossell\">Marina Rossell<\/a>,<\/span>\u00a0<span class=\"nb\"><a title=\"N\u00faria Feliu\" href=\"https:\/\/www.filmaffinity.com\/es\/search.php?stype=cast&amp;sn&amp;stext=N%C3%BAria%20Feliu\">N\u00faria Feliu<\/a>,<\/span>\u00a0<span class=\"nb\"><a title=\"Carla Cristi\" href=\"https:\/\/www.filmaffinity.com\/es\/search.php?stype=cast&amp;sn&amp;stext=Carla%20Cristi\">Carla Cristi<\/a>,<\/span>\u00a0<span class=\"nb\"><a title=\"Marta May\" href=\"https:\/\/www.filmaffinity.com\/es\/search.php?stype=cast&amp;sn&amp;stext=Marta%20May\">Marta May<\/a>,<\/span>\u00a0<span class=\"nb\"><a title=\"Carmen P\u00e9rez\" href=\"https:\/\/www.filmaffinity.com\/es\/search.php?stype=cast&amp;sn&amp;stext=Carmen%20P%C3%A9rez\">Carmen P\u00e9rez<\/a>,<\/span>\u00a0<span class=\"nb\"><a title=\"Jordi Brau\" href=\"https:\/\/www.filmaffinity.com\/es\/search.php?stype=cast&amp;sn&amp;stext=Jordi%20Brau\">Jordi Brau<\/a>,<\/span>\u00a0<span class=\"nb\"><a title=\"Montserrat Carulla\" href=\"https:\/\/www.filmaffinity.com\/es\/search.php?stype=cast&amp;sn&amp;stext=Montserrat%20Carulla\">Montserrat Carulla<\/a>,<\/span>\u00a0<span class=\"nb\"><a title=\"Fernando Guill\u00e9n\" href=\"https:\/\/www.filmaffinity.com\/es\/search.php?stype=cast&amp;sn&amp;stext=Fernando%20Guill%C3%A9n\">Fernando Guill\u00e9n<\/a>,<\/span>\u00a0<span class=\"nb\"><a title=\"Mary Santpere\" href=\"https:\/\/www.filmaffinity.com\/es\/search.php?stype=cast&amp;sn&amp;stext=Mary%20Santpere\">Mary Santpere<\/a>,<\/span>\u00a0<span class=\"nb\"><a title=\"Ana Lizar\u00e1n\" href=\"https:\/\/www.filmaffinity.com\/es\/search.php?stype=cast&amp;sn&amp;stext=Ana%20Lizar%C3%A1n\">Ana Lizar\u00e1n<\/a>,<\/span>\u00a0<span class=\"see-more-credits\">ver 5 m\u00e1s<\/span><\/p>\n<p>G\u00e9nero: <a href=\"https:\/\/www.filmaffinity.com\/es\/moviegenre.php?genre=CO&amp;attr=rat_count&amp;nodoc\">Comedia<\/a><\/p>\n","protected":false},"excerpt":{"rendered":"<p>Sinopsis: Aprovechando la pr\u00f3xima visita de una importante autoridad de la iglesia, en una poblaci\u00f3n catalana organizan unas jornadas acerca de la religi\u00f3n y el sexo en la actualidad. Tal iniciativa divide el pueblo en dos bandos, los que rechazan el \u00abcongreso\u00bb y los que creen en \u00e9l a pies juntillas, generando todo tipo de disparatadas disputas y rencillas entre ambos bandos.<\/p>\n","protected":false},"featured_media":3469,"comment_status":"open","ping_status":"closed","template":"","meta":{"site-sidebar-layout":"default","site-content-layout":"default","ast-site-content-layout":"default","site-content-style":"default","site-sidebar-style":"default","ast-global-header-display":"","ast-banner-title-visibility":"","ast-main-header-display":"","ast-hfb-above-header-display":"","ast-hfb-below-header-display":"","ast-hfb-mobile-header-display":"","site-post-title":"","ast-breadcrumbs-content":"","ast-featured-img":"","footer-sml-layout":"","ast-disable-related-posts":"","theme-transparent-header-meta":"default","adv-header-id-meta":"","stick-header-meta":"","header-above-stick-meta":"","header-main-stick-meta":"","header-below-stick-meta":"","astra-migrate-meta-layouts":"default","ast-page-background-enabled":"default","ast-page-background-meta":{"desktop":{"background-color":"","background-image":"","background-repeat":"repeat","background-position":"center center","background-size":"auto","background-attachment":"scroll","background-type":"","background-media":"","overlay-type":"","overlay-color":"","overlay-opacity":"","overlay-gradient":""},"tablet":{"background-color":"","background-image":"","background-repeat":"repeat","background-position":"center center","background-size":"auto","background-attachment":"scroll","background-type":"","background-media":"","overlay-type":"","overlay-color":"","overlay-opacity":"","overlay-gradient":""},"mobile":{"background-color":"","background-image":"","background-repeat":"repeat","background-position":"center center","background-size":"auto","background-attachment":"scroll","background-type":"","background-media":"","overlay-type":"","overlay-color":"","overlay-opacity":"","overlay-gradient":""}},"ast-content-background-meta":{"desktop":{"background-color":"var(--ast-global-color-5)","background-image":"","background-repeat":"repeat","background-position":"center center","background-size":"auto","background-attachment":"scroll","background-type":"","background-media":"","overlay-type":"","overlay-color":"","overlay-opacity":"","overlay-gradient":""},"tablet":{"background-color":"var(--ast-global-color-5)","background-image":"","background-repeat":"repeat","background-position":"center center","background-size":"auto","background-attachment":"scroll","background-type":"","background-media":"","overlay-type":"","overlay-color":"","overlay-opacity":"","overlay-gradient":""},"mobile":{"background-color":"var(--ast-global-color-5)","background-image":"","background-repeat":"repeat","background-position":"center center","background-size":"auto","background-attachment":"scroll","background-type":"","background-media":"","overlay-type":"","overlay-color":"","overlay-opacity":"","overlay-gradient":""}},"_joinchat":[]},"product_brand":[],"product_cat":[42],"product_tag":[],"class_list":{"0":"post-3468","1":"product","2":"type-product","3":"status-publish","4":"has-post-thumbnail","6":"product_cat-dvd","7":"desktop-align-left","8":"tablet-align-left","9":"mobile-align-left","11":"first","12":"instock","13":"shipping-taxable","14":"purchasable","15":"product-type-simple"},"_links":{"self":[{"href":"https:\/\/cinemasoul.es\/index.php?rest_route=\/wp\/v2\/product\/3468","targetHints":{"allow":["GET"]}}],"collection":[{"href":"https:\/\/cinemasoul.es\/index.php?rest_route=\/wp\/v2\/product"}],"about":[{"href":"https:\/\/cinemasoul.es\/index.php?rest_route=\/wp\/v2\/types\/product"}],"replies":[{"embeddable":true,"href":"https:\/\/cinemasoul.es\/index.php?rest_route=%2Fwp%2Fv2%2Fcomments&post=3468"}],"version-history":[{"count":1,"href":"https:\/\/cinemasoul.es\/index.php?rest_route=\/wp\/v2\/product\/3468\/revisions"}],"predecessor-version":[{"id":3470,"href":"https:\/\/cinemasoul.es\/index.php?rest_route=\/wp\/v2\/product\/3468\/revisions\/3470"}],"wp:featuredmedia":[{"embeddable":true,"href":"https:\/\/cinemasoul.es\/index.php?rest_route=\/wp\/v2\/media\/3469"}],"wp:attachment":[{"href":"https:\/\/cinemasoul.es\/index.php?rest_route=%2Fwp%2Fv2%2Fmedia&parent=3468"}],"wp:term":[{"taxonomy":"product_brand","embeddable":true,"href":"https:\/\/cinemasoul.es\/index.php?rest_route=%2Fwp%2Fv2%2Fproduct_brand&post=3468"},{"taxonomy":"product_cat","embeddable":true,"href":"https:\/\/cinemasoul.es\/index.php?rest_route=%2Fwp%2Fv2%2Fproduct_cat&post=3468"},{"taxonomy":"product_tag","embeddable":true,"href":"https:\/\/cinemasoul.es\/index.php?rest_route=%2Fwp%2Fv2%2Fproduct_tag&post=3468"}],"curies":[{"name":"wp","href":"https:\/\/api.w.org\/{rel}","templated":true}]}}