{"id":3464,"date":"2021-10-25T20:33:47","date_gmt":"2021-10-25T20:33:47","guid":{"rendered":"http:\/\/www.cinemasoul.es\/?post_type=product&#038;p=3464"},"modified":"2021-10-25T20:35:18","modified_gmt":"2021-10-25T20:35:18","slug":"3464","status":"publish","type":"product","link":"https:\/\/cinemasoul.es\/?product=3464","title":{"rendered":"Despues del amor"},"content":{"rendered":"<p>Direcci\u00f3n: <span class=\"nb\"><a title=\"Alan Parker\" href=\"https:\/\/www.filmaffinity.com\/es\/search.php?stype=director&amp;sn&amp;stext=Alan%20Parker\">Alan Parker<\/a><\/span><\/p>\n<p>Guion: <span class=\"nb\">Bo Goldman<\/span><\/p>\n<p>M\u00fasica: <span class=\"nb\">Lalo Schifrin<\/span><\/p>\n<p>Fotograf\u00eda: <span class=\"nb\">Michael Seresin<\/span><\/p>\n<p>Reparto: <span class=\"nb\"><a title=\"Albert Finney\" href=\"https:\/\/www.filmaffinity.com\/es\/search.php?stype=cast&amp;sn&amp;stext=Albert%20Finney\">Albert Finney<\/a>,<\/span>\u00a0<span class=\"nb\"><a title=\"Diane Keaton\" href=\"https:\/\/www.filmaffinity.com\/es\/search.php?stype=cast&amp;sn&amp;stext=Diane%20Keaton\">Diane Keaton<\/a>,<\/span>\u00a0<span class=\"nb\"><a title=\"Karen Allen\" href=\"https:\/\/www.filmaffinity.com\/es\/search.php?stype=cast&amp;sn&amp;stext=Karen%20Allen\">Karen Allen<\/a>,<\/span>\u00a0<span class=\"nb\"><a title=\"Peter Weller\" href=\"https:\/\/www.filmaffinity.com\/es\/search.php?stype=cast&amp;sn&amp;stext=Peter%20Weller\">Peter Weller<\/a>,<\/span>\u00a0<span class=\"nb\"><a title=\"Dana Hill\" href=\"https:\/\/www.filmaffinity.com\/es\/search.php?stype=cast&amp;sn&amp;stext=Dana%20Hill\">Dana Hill<\/a>,<\/span>\u00a0<span class=\"nb\"><a title=\"Viveka Davis\" href=\"https:\/\/www.filmaffinity.com\/es\/search.php?stype=cast&amp;sn&amp;stext=Viveka%20Davis\">Viveka Davis<\/a>,<\/span>\u00a0<span class=\"nb\"><a title=\"Tracey Gold\" href=\"https:\/\/www.filmaffinity.com\/es\/search.php?stype=cast&amp;sn&amp;stext=Tracey%20Gold\">Tracey Gold<\/a>,<\/span>\u00a0<span class=\"nb\"><a title=\"Tina Yothers\" href=\"https:\/\/www.filmaffinity.com\/es\/search.php?stype=cast&amp;sn&amp;stext=Tina%20Yothers\">Tina Yothers<\/a>,<\/span>\u00a0<span class=\"nb\"><a title=\"Leora Dana\" href=\"https:\/\/www.filmaffinity.com\/es\/search.php?stype=cast&amp;sn&amp;stext=Leora%20Dana\">Leora Dana<\/a><\/span><\/p>\n<p>G\u00e9nero: <a href=\"https:\/\/www.filmaffinity.com\/es\/moviegenre.php?genre=DR&amp;attr=rat_count&amp;nodoc\">Drama<\/a><\/p>\n","protected":false},"excerpt":{"rendered":"<p>Sinopsis: George Dunlap (Finney), un escritor de \u00e9xito, y su mujer Faith (Diane Keaton) son la t\u00edpica pareja culta y liberal, producto de la revoluci\u00f3n de los a\u00f1os sesenta. Por supuesto, lo tienen todo: dinero, una bonita casa y cuatro hijas saludables. A pesar de todo, sus problemas conyugales parecen insuperables.<\/p>\n","protected":false},"featured_media":3465,"comment_status":"open","ping_status":"closed","template":"","meta":{"site-sidebar-layout":"default","site-content-layout":"default","ast-site-content-layout":"default","site-content-style":"default","site-sidebar-style":"default","ast-global-header-display":"","ast-banner-title-visibility":"","ast-main-header-display":"","ast-hfb-above-header-display":"","ast-hfb-below-header-display":"","ast-hfb-mobile-header-display":"","site-post-title":"","ast-breadcrumbs-content":"","ast-featured-img":"","footer-sml-layout":"","ast-disable-related-posts":"","theme-transparent-header-meta":"default","adv-header-id-meta":"","stick-header-meta":"","header-above-stick-meta":"","header-main-stick-meta":"","header-below-stick-meta":"","astra-migrate-meta-layouts":"default","ast-page-background-enabled":"default","ast-page-background-meta":{"desktop":{"background-color":"","background-image":"","background-repeat":"repeat","background-position":"center center","background-size":"auto","background-attachment":"scroll","background-type":"","background-media":"","overlay-type":"","overlay-color":"","overlay-opacity":"","overlay-gradient":""},"tablet":{"background-color":"","background-image":"","background-repeat":"repeat","background-position":"center center","background-size":"auto","background-attachment":"scroll","background-type":"","background-media":"","overlay-type":"","overlay-color":"","overlay-opacity":"","overlay-gradient":""},"mobile":{"background-color":"","background-image":"","background-repeat":"repeat","background-position":"center center","background-size":"auto","background-attachment":"scroll","background-type":"","background-media":"","overlay-type":"","overlay-color":"","overlay-opacity":"","overlay-gradient":""}},"ast-content-background-meta":{"desktop":{"background-color":"var(--ast-global-color-5)","background-image":"","background-repeat":"repeat","background-position":"center center","background-size":"auto","background-attachment":"scroll","background-type":"","background-media":"","overlay-type":"","overlay-color":"","overlay-opacity":"","overlay-gradient":""},"tablet":{"background-color":"var(--ast-global-color-5)","background-image":"","background-repeat":"repeat","background-position":"center center","background-size":"auto","background-attachment":"scroll","background-type":"","background-media":"","overlay-type":"","overlay-color":"","overlay-opacity":"","overlay-gradient":""},"mobile":{"background-color":"var(--ast-global-color-5)","background-image":"","background-repeat":"repeat","background-position":"center center","background-size":"auto","background-attachment":"scroll","background-type":"","background-media":"","overlay-type":"","overlay-color":"","overlay-opacity":"","overlay-gradient":""}},"_joinchat":[]},"product_brand":[],"product_cat":[42],"product_tag":[],"class_list":{"0":"post-3464","1":"product","2":"type-product","3":"status-publish","4":"has-post-thumbnail","6":"product_cat-dvd","7":"desktop-align-left","8":"tablet-align-left","9":"mobile-align-left","11":"first","12":"instock","13":"shipping-taxable","14":"purchasable","15":"product-type-simple"},"_links":{"self":[{"href":"https:\/\/cinemasoul.es\/index.php?rest_route=\/wp\/v2\/product\/3464","targetHints":{"allow":["GET"]}}],"collection":[{"href":"https:\/\/cinemasoul.es\/index.php?rest_route=\/wp\/v2\/product"}],"about":[{"href":"https:\/\/cinemasoul.es\/index.php?rest_route=\/wp\/v2\/types\/product"}],"replies":[{"embeddable":true,"href":"https:\/\/cinemasoul.es\/index.php?rest_route=%2Fwp%2Fv2%2Fcomments&post=3464"}],"version-history":[{"count":2,"href":"https:\/\/cinemasoul.es\/index.php?rest_route=\/wp\/v2\/product\/3464\/revisions"}],"predecessor-version":[{"id":3467,"href":"https:\/\/cinemasoul.es\/index.php?rest_route=\/wp\/v2\/product\/3464\/revisions\/3467"}],"wp:featuredmedia":[{"embeddable":true,"href":"https:\/\/cinemasoul.es\/index.php?rest_route=\/wp\/v2\/media\/3465"}],"wp:attachment":[{"href":"https:\/\/cinemasoul.es\/index.php?rest_route=%2Fwp%2Fv2%2Fmedia&parent=3464"}],"wp:term":[{"taxonomy":"product_brand","embeddable":true,"href":"https:\/\/cinemasoul.es\/index.php?rest_route=%2Fwp%2Fv2%2Fproduct_brand&post=3464"},{"taxonomy":"product_cat","embeddable":true,"href":"https:\/\/cinemasoul.es\/index.php?rest_route=%2Fwp%2Fv2%2Fproduct_cat&post=3464"},{"taxonomy":"product_tag","embeddable":true,"href":"https:\/\/cinemasoul.es\/index.php?rest_route=%2Fwp%2Fv2%2Fproduct_tag&post=3464"}],"curies":[{"name":"wp","href":"https:\/\/api.w.org\/{rel}","templated":true}]}}