{"id":3453,"date":"2021-10-25T20:22:39","date_gmt":"2021-10-25T20:22:39","guid":{"rendered":"http:\/\/www.cinemasoul.es\/?post_type=product&#038;p=3453"},"modified":"2021-10-25T20:23:49","modified_gmt":"2021-10-25T20:23:49","slug":"infierno-en-la-bahia-de-san-francisco","status":"publish","type":"product","link":"https:\/\/cinemasoul.es\/?product=infierno-en-la-bahia-de-san-francisco","title":{"rendered":"Infierno en la bahia de San Francisco"},"content":{"rendered":"<p>Direcci\u00f3n: <span class=\"nb\"><a title=\"Frank Tuttle\" href=\"https:\/\/www.filmaffinity.com\/es\/search.php?stype=director&amp;sn&amp;stext=Frank%20Tuttle\">Frank Tuttle<\/a><\/span><\/p>\n<p>Guion: <span class=\"nb\">Sydney Boehm,<\/span>\u00a0<span class=\"nb\">Martin Rackin.<\/span><i>\u00a0Novela:<\/i>\u00a0<span class=\"nb\">William P. McGivern<\/span><\/p>\n<p>M\u00fasica: <span class=\"nb\">Max Steiner<\/span><\/p>\n<p>Fotograf\u00eda: <span class=\"nb\">John F. Seitz<\/span><\/p>\n<p>Reparto: <span class=\"nb\"><a title=\"Alan Ladd\" href=\"https:\/\/www.filmaffinity.com\/es\/search.php?stype=cast&amp;sn&amp;stext=Alan%20Ladd\">Alan Ladd<\/a>,<\/span>\u00a0<span class=\"nb\"><a title=\"Edward G. Robinson\" href=\"https:\/\/www.filmaffinity.com\/es\/search.php?stype=cast&amp;sn&amp;stext=Edward%20G.%20Robinson\">Edward G. Robinson<\/a>,<\/span>\u00a0<span class=\"nb\"><a title=\"Joanne Dru\" href=\"https:\/\/www.filmaffinity.com\/es\/search.php?stype=cast&amp;sn&amp;stext=Joanne%20Dru\">Joanne Dru<\/a>,<\/span>\u00a0<span class=\"nb\"><a title=\"William Demarest\" href=\"https:\/\/www.filmaffinity.com\/es\/search.php?stype=cast&amp;sn&amp;stext=William%20Demarest\">William Demarest<\/a>,<\/span>\u00a0<span class=\"nb\"><a title=\"Paul Stewart\" href=\"https:\/\/www.filmaffinity.com\/es\/search.php?stype=cast&amp;sn&amp;stext=Paul%20Stewart\">Paul Stewart<\/a>,<\/span>\u00a0<span class=\"nb\"><a title=\"Perry Lopez\" href=\"https:\/\/www.filmaffinity.com\/es\/search.php?stype=cast&amp;sn&amp;stext=Perry%20Lopez\">Perry Lopez<\/a>,<\/span>\u00a0<span class=\"nb\"><a title=\"Fay Wray\" href=\"https:\/\/www.filmaffinity.com\/es\/search.php?stype=cast&amp;sn&amp;stext=Fay%20Wray\">Fay Wray<\/a>,<\/span>\u00a0<span class=\"nb\"><a title=\"Renata Vanni\" href=\"https:\/\/www.filmaffinity.com\/es\/search.php?stype=cast&amp;sn&amp;stext=Renata%20Vanni\">Renata Vanni<\/a>,<\/span>\u00a0<span class=\"nb\"><a title=\"Nestor Paiva\" href=\"https:\/\/www.filmaffinity.com\/es\/search.php?stype=cast&amp;sn&amp;stext=Nestor%20Paiva\">Nestor Paiva<\/a>,<\/span>\u00a0<span class=\"nb\"><a title=\"Stanley Adams\" href=\"https:\/\/www.filmaffinity.com\/es\/search.php?stype=cast&amp;sn&amp;stext=Stanley%20Adams\">Stanley Adams<\/a>,<\/span>\u00a0<span class=\"nb\"><a title=\"Willis Bouchey\" href=\"https:\/\/www.filmaffinity.com\/es\/search.php?stype=cast&amp;sn&amp;stext=Willis%20Bouchey\">Willis Bouchey<\/a>,<\/span>\u00a0<span class=\"nb\"><a title=\"Peter Hansen\" href=\"https:\/\/www.filmaffinity.com\/es\/search.php?stype=cast&amp;sn&amp;stext=Peter%20Hansen\">Peter Hansen<\/a>,<\/span>\u00a0<span class=\"nb\"><a title=\"Anthony Caruso\" href=\"https:\/\/www.filmaffinity.com\/es\/search.php?stype=cast&amp;sn&amp;stext=Anthony%20Caruso\">Anthony Caruso<\/a>,<\/span>\u00a0<span class=\"see-more-credits\">ver 5 m\u00e1s<\/span><\/p>\n<p>G\u00e9nero: <a href=\"https:\/\/www.filmaffinity.com\/es\/moviegenre.php?genre=F-N&amp;attr=rat_count&amp;nodoc\">Cine negro<\/a>.\u00a0<a href=\"https:\/\/www.filmaffinity.com\/es\/moviegenre.php?genre=TH&amp;attr=rat_count&amp;nodoc\">Thriller<\/a>.\u00a0<a href=\"https:\/\/www.filmaffinity.com\/es\/moviegenre.php?genre=DR&amp;attr=rat_count&amp;nodoc\">Drama<\/a>\u00a0|\u00a0<a href=\"https:\/\/www.filmaffinity.com\/es\/movietopic.php?topic=124690&amp;attr=rat_count&amp;nodoc\">Polic\u00edaco<\/a>.\u00a0<a href=\"https:\/\/www.filmaffinity.com\/es\/movietopic.php?topic=524594&amp;attr=rat_count&amp;nodoc\">Crimen<\/a><\/p>\n","protected":false},"excerpt":{"rendered":"<p>Sinopsis: Cuando el polic\u00eda Steve Collins est\u00e1 a punto de desmantelar la organizaci\u00f3n de Vic Amato, un mafioso de San Francisco, cae en una trampa y va a parar a San Quintin, condenado por asesinato. Tras cinco a\u00f1os de reclusi\u00f3n, recobra la libertad y se lanza a la caza del responsable del complot.<\/p>\n","protected":false},"featured_media":3454,"comment_status":"open","ping_status":"closed","template":"","meta":{"site-sidebar-layout":"default","site-content-layout":"default","ast-site-content-layout":"default","site-content-style":"default","site-sidebar-style":"default","ast-global-header-display":"","ast-banner-title-visibility":"","ast-main-header-display":"","ast-hfb-above-header-display":"","ast-hfb-below-header-display":"","ast-hfb-mobile-header-display":"","site-post-title":"","ast-breadcrumbs-content":"","ast-featured-img":"","footer-sml-layout":"","ast-disable-related-posts":"","theme-transparent-header-meta":"default","adv-header-id-meta":"","stick-header-meta":"","header-above-stick-meta":"","header-main-stick-meta":"","header-below-stick-meta":"","astra-migrate-meta-layouts":"default","ast-page-background-enabled":"default","ast-page-background-meta":{"desktop":{"background-color":"","background-image":"","background-repeat":"repeat","background-position":"center center","background-size":"auto","background-attachment":"scroll","background-type":"","background-media":"","overlay-type":"","overlay-color":"","overlay-opacity":"","overlay-gradient":""},"tablet":{"background-color":"","background-image":"","background-repeat":"repeat","background-position":"center center","background-size":"auto","background-attachment":"scroll","background-type":"","background-media":"","overlay-type":"","overlay-color":"","overlay-opacity":"","overlay-gradient":""},"mobile":{"background-color":"","background-image":"","background-repeat":"repeat","background-position":"center center","background-size":"auto","background-attachment":"scroll","background-type":"","background-media":"","overlay-type":"","overlay-color":"","overlay-opacity":"","overlay-gradient":""}},"ast-content-background-meta":{"desktop":{"background-color":"var(--ast-global-color-5)","background-image":"","background-repeat":"repeat","background-position":"center center","background-size":"auto","background-attachment":"scroll","background-type":"","background-media":"","overlay-type":"","overlay-color":"","overlay-opacity":"","overlay-gradient":""},"tablet":{"background-color":"var(--ast-global-color-5)","background-image":"","background-repeat":"repeat","background-position":"center center","background-size":"auto","background-attachment":"scroll","background-type":"","background-media":"","overlay-type":"","overlay-color":"","overlay-opacity":"","overlay-gradient":""},"mobile":{"background-color":"var(--ast-global-color-5)","background-image":"","background-repeat":"repeat","background-position":"center center","background-size":"auto","background-attachment":"scroll","background-type":"","background-media":"","overlay-type":"","overlay-color":"","overlay-opacity":"","overlay-gradient":""}},"_joinchat":[]},"product_brand":[],"product_cat":[42],"product_tag":[],"class_list":{"0":"post-3453","1":"product","2":"type-product","3":"status-publish","4":"has-post-thumbnail","6":"product_cat-dvd","7":"desktop-align-left","8":"tablet-align-left","9":"mobile-align-left","11":"first","12":"instock","13":"shipping-taxable","14":"purchasable","15":"product-type-simple"},"_links":{"self":[{"href":"https:\/\/cinemasoul.es\/index.php?rest_route=\/wp\/v2\/product\/3453","targetHints":{"allow":["GET"]}}],"collection":[{"href":"https:\/\/cinemasoul.es\/index.php?rest_route=\/wp\/v2\/product"}],"about":[{"href":"https:\/\/cinemasoul.es\/index.php?rest_route=\/wp\/v2\/types\/product"}],"replies":[{"embeddable":true,"href":"https:\/\/cinemasoul.es\/index.php?rest_route=%2Fwp%2Fv2%2Fcomments&post=3453"}],"version-history":[{"count":2,"href":"https:\/\/cinemasoul.es\/index.php?rest_route=\/wp\/v2\/product\/3453\/revisions"}],"predecessor-version":[{"id":3456,"href":"https:\/\/cinemasoul.es\/index.php?rest_route=\/wp\/v2\/product\/3453\/revisions\/3456"}],"wp:featuredmedia":[{"embeddable":true,"href":"https:\/\/cinemasoul.es\/index.php?rest_route=\/wp\/v2\/media\/3454"}],"wp:attachment":[{"href":"https:\/\/cinemasoul.es\/index.php?rest_route=%2Fwp%2Fv2%2Fmedia&parent=3453"}],"wp:term":[{"taxonomy":"product_brand","embeddable":true,"href":"https:\/\/cinemasoul.es\/index.php?rest_route=%2Fwp%2Fv2%2Fproduct_brand&post=3453"},{"taxonomy":"product_cat","embeddable":true,"href":"https:\/\/cinemasoul.es\/index.php?rest_route=%2Fwp%2Fv2%2Fproduct_cat&post=3453"},{"taxonomy":"product_tag","embeddable":true,"href":"https:\/\/cinemasoul.es\/index.php?rest_route=%2Fwp%2Fv2%2Fproduct_tag&post=3453"}],"curies":[{"name":"wp","href":"https:\/\/api.w.org\/{rel}","templated":true}]}}