{"id":3450,"date":"2021-10-25T20:19:03","date_gmt":"2021-10-25T20:19:03","guid":{"rendered":"http:\/\/www.cinemasoul.es\/?post_type=product&#038;p=3450"},"modified":"2021-10-25T20:24:25","modified_gmt":"2021-10-25T20:24:25","slug":"la-espada-magica","status":"publish","type":"product","link":"https:\/\/cinemasoul.es\/?product=la-espada-magica","title":{"rendered":"La espada Magica"},"content":{"rendered":"<p>Direcci\u00f3n: <span class=\"nb\"><a title=\"Bert I. Gordon\" href=\"https:\/\/www.filmaffinity.com\/es\/search.php?stype=director&amp;sn&amp;stext=Bert%20I.%20Gordon\">Bert I. Gordon<\/a><\/span><\/p>\n<p>Guion: <span class=\"nb\">Bernard C. Schoenfeld,<\/span>\u00a0<span class=\"nb\">Bert I. Gordon<\/span><\/p>\n<p>M\u00fasica: <span class=\"nb\">Richard Markowitz<\/span><\/p>\n<p>Fotograf\u00eda: <span class=\"nb\">Nicolas Vogel,<\/span>\u00a0<span class=\"nb\">Paul Vogel<\/span><\/p>\n<p>Reparto: <span class=\"nb\"><a title=\"Basil Rathbone\" href=\"https:\/\/www.filmaffinity.com\/es\/search.php?stype=cast&amp;sn&amp;stext=Basil%20Rathbone\">Basil Rathbone<\/a>,<\/span>\u00a0<span class=\"nb\"><a title=\"Estelle Winwood\" href=\"https:\/\/www.filmaffinity.com\/es\/search.php?stype=cast&amp;sn&amp;stext=Estelle%20Winwood\">Estelle Winwood<\/a>,<\/span>\u00a0<span class=\"nb\"><a title=\"Anne Helm\" href=\"https:\/\/www.filmaffinity.com\/es\/search.php?stype=cast&amp;sn&amp;stext=Anne%20Helm\">Anne Helm<\/a>,<\/span>\u00a0<span class=\"nb\"><a title=\"Gary Lockwood\" href=\"https:\/\/www.filmaffinity.com\/es\/search.php?stype=cast&amp;sn&amp;stext=Gary%20Lockwood\">Gary Lockwood<\/a>,<\/span>\u00a0<span class=\"nb\"><a title=\"Merritt Stone\" href=\"https:\/\/www.filmaffinity.com\/es\/search.php?stype=cast&amp;sn&amp;stext=Merritt%20Stone\">Merritt Stone<\/a>,<\/span>\u00a0<span class=\"nb\"><a title=\"Liam Sullivan\" href=\"https:\/\/www.filmaffinity.com\/es\/search.php?stype=cast&amp;sn&amp;stext=Liam%20Sullivan\">Liam Sullivan<\/a>,<\/span>\u00a0<span class=\"nb\"><a title=\"Maila Nurmi\" href=\"https:\/\/www.filmaffinity.com\/es\/search.php?stype=cast&amp;sn&amp;stext=Maila%20Nurmi\">Maila Nurmi<\/a>,<\/span>\u00a0<span class=\"nb\"><a title=\"Danielle De Metz\" href=\"https:\/\/www.filmaffinity.com\/es\/search.php?stype=cast&amp;sn&amp;stext=Danielle%20De%20Metz\">Danielle De Metz<\/a>,<\/span>\u00a0<span class=\"nb\"><a title=\"Jack Kosslyn\" href=\"https:\/\/www.filmaffinity.com\/es\/search.php?stype=cast&amp;sn&amp;stext=Jack%20Kosslyn\">Jack Kosslyn<\/a>,<\/span>\u00a0<span class=\"nb\"><a title=\"Angelo Rossitto\" href=\"https:\/\/www.filmaffinity.com\/es\/search.php?stype=cast&amp;sn&amp;stext=Angelo%20Rossitto\">Angelo Rossitto<\/a>,<\/span>\u00a0<span class=\"nb\"><a title=\"Marlene Callahan\" href=\"https:\/\/www.filmaffinity.com\/es\/search.php?stype=cast&amp;sn&amp;stext=Marlene%20Callahan\">Marlene Callahan<\/a><\/span><\/p>\n<p>G\u00e9nero: <a href=\"https:\/\/www.filmaffinity.com\/es\/moviegenre.php?genre=FAN&amp;attr=rat_count&amp;nodoc\">Fant\u00e1stico<\/a>.\u00a0<a href=\"https:\/\/www.filmaffinity.com\/es\/moviegenre.php?genre=DR&amp;attr=rat_count&amp;nodoc\">Drama<\/a>\u00a0|\u00a0<a href=\"https:\/\/www.filmaffinity.com\/es\/movietopic.php?topic=494662&amp;attr=rat_count&amp;nodoc\">Fantas\u00eda medieval<\/a>.<\/p>\n","protected":false},"excerpt":{"rendered":"<p>Sinopsis: El malvado hechicero Lodac (Basil Rathbone), ha capturado a la bella princesa Helena (Anne Helm), y la retiene en su castillo custodiada por un feroz drag\u00f3n. George (Gary Lockwood), un caballero protegido de la hechicera Sibyll (Estelle Winwood), enamorado de Helena, decide ir en su busca junto a seix valerosos y m\u00e1gicos caballeros. Pero el camino no ser\u00e1 f\u00e1cil, pues se cruzar\u00e1n con monstruos de dos cabezas, ogros, magia maligna y muchos peligros hasta llegar a la fortaleza.<\/p>\n","protected":false},"featured_media":3451,"comment_status":"open","ping_status":"closed","template":"","meta":{"site-sidebar-layout":"default","site-content-layout":"default","ast-site-content-layout":"default","site-content-style":"default","site-sidebar-style":"default","ast-global-header-display":"","ast-banner-title-visibility":"","ast-main-header-display":"","ast-hfb-above-header-display":"","ast-hfb-below-header-display":"","ast-hfb-mobile-header-display":"","site-post-title":"","ast-breadcrumbs-content":"","ast-featured-img":"","footer-sml-layout":"","ast-disable-related-posts":"","theme-transparent-header-meta":"default","adv-header-id-meta":"","stick-header-meta":"","header-above-stick-meta":"","header-main-stick-meta":"","header-below-stick-meta":"","astra-migrate-meta-layouts":"default","ast-page-background-enabled":"default","ast-page-background-meta":{"desktop":{"background-color":"","background-image":"","background-repeat":"repeat","background-position":"center center","background-size":"auto","background-attachment":"scroll","background-type":"","background-media":"","overlay-type":"","overlay-color":"","overlay-opacity":"","overlay-gradient":""},"tablet":{"background-color":"","background-image":"","background-repeat":"repeat","background-position":"center center","background-size":"auto","background-attachment":"scroll","background-type":"","background-media":"","overlay-type":"","overlay-color":"","overlay-opacity":"","overlay-gradient":""},"mobile":{"background-color":"","background-image":"","background-repeat":"repeat","background-position":"center center","background-size":"auto","background-attachment":"scroll","background-type":"","background-media":"","overlay-type":"","overlay-color":"","overlay-opacity":"","overlay-gradient":""}},"ast-content-background-meta":{"desktop":{"background-color":"var(--ast-global-color-5)","background-image":"","background-repeat":"repeat","background-position":"center center","background-size":"auto","background-attachment":"scroll","background-type":"","background-media":"","overlay-type":"","overlay-color":"","overlay-opacity":"","overlay-gradient":""},"tablet":{"background-color":"var(--ast-global-color-5)","background-image":"","background-repeat":"repeat","background-position":"center center","background-size":"auto","background-attachment":"scroll","background-type":"","background-media":"","overlay-type":"","overlay-color":"","overlay-opacity":"","overlay-gradient":""},"mobile":{"background-color":"var(--ast-global-color-5)","background-image":"","background-repeat":"repeat","background-position":"center center","background-size":"auto","background-attachment":"scroll","background-type":"","background-media":"","overlay-type":"","overlay-color":"","overlay-opacity":"","overlay-gradient":""}},"_joinchat":[]},"product_brand":[],"product_cat":[42],"product_tag":[],"class_list":{"0":"post-3450","1":"product","2":"type-product","3":"status-publish","4":"has-post-thumbnail","6":"product_cat-dvd","7":"desktop-align-left","8":"tablet-align-left","9":"mobile-align-left","11":"first","12":"instock","13":"shipping-taxable","14":"purchasable","15":"product-type-simple"},"_links":{"self":[{"href":"https:\/\/cinemasoul.es\/index.php?rest_route=\/wp\/v2\/product\/3450","targetHints":{"allow":["GET"]}}],"collection":[{"href":"https:\/\/cinemasoul.es\/index.php?rest_route=\/wp\/v2\/product"}],"about":[{"href":"https:\/\/cinemasoul.es\/index.php?rest_route=\/wp\/v2\/types\/product"}],"replies":[{"embeddable":true,"href":"https:\/\/cinemasoul.es\/index.php?rest_route=%2Fwp%2Fv2%2Fcomments&post=3450"}],"version-history":[{"count":2,"href":"https:\/\/cinemasoul.es\/index.php?rest_route=\/wp\/v2\/product\/3450\/revisions"}],"predecessor-version":[{"id":3457,"href":"https:\/\/cinemasoul.es\/index.php?rest_route=\/wp\/v2\/product\/3450\/revisions\/3457"}],"wp:featuredmedia":[{"embeddable":true,"href":"https:\/\/cinemasoul.es\/index.php?rest_route=\/wp\/v2\/media\/3451"}],"wp:attachment":[{"href":"https:\/\/cinemasoul.es\/index.php?rest_route=%2Fwp%2Fv2%2Fmedia&parent=3450"}],"wp:term":[{"taxonomy":"product_brand","embeddable":true,"href":"https:\/\/cinemasoul.es\/index.php?rest_route=%2Fwp%2Fv2%2Fproduct_brand&post=3450"},{"taxonomy":"product_cat","embeddable":true,"href":"https:\/\/cinemasoul.es\/index.php?rest_route=%2Fwp%2Fv2%2Fproduct_cat&post=3450"},{"taxonomy":"product_tag","embeddable":true,"href":"https:\/\/cinemasoul.es\/index.php?rest_route=%2Fwp%2Fv2%2Fproduct_tag&post=3450"}],"curies":[{"name":"wp","href":"https:\/\/api.w.org\/{rel}","templated":true}]}}