{"id":3444,"date":"2021-10-25T19:35:03","date_gmt":"2021-10-25T19:35:03","guid":{"rendered":"http:\/\/www.cinemasoul.es\/?post_type=product&#038;p=3444"},"modified":"2024-04-08T14:03:52","modified_gmt":"2024-04-08T14:03:52","slug":"henry-retrato-de-un-asesino-2","status":"publish","type":"product","link":"https:\/\/cinemasoul.es\/?product=henry-retrato-de-un-asesino-2","title":{"rendered":"Henry Retrato de un asesino 2"},"content":{"rendered":"<p>Direcci\u00f3n: <span class=\"nb\"><a title=\"Chuck Parello\" href=\"https:\/\/www.filmaffinity.com\/es\/search.php?stype=director&amp;sn&amp;stext=Chuck%20Parello\">Chuck Parello<\/a><\/span><\/p>\n<p>Guion: <span class=\"nb\">Chuck Parello<\/span><\/p>\n<p>M\u00fasica: <span class=\"nb\">Robert McNaughton<\/span><\/p>\n<p>Fotograf\u00eda: <span style=\"font-size: 16px;\">Michael Kohnhorst<\/span><\/p>\n<p>Reparto: <span class=\"nb\"><a title=\"Neil Giuntoly\" href=\"https:\/\/www.filmaffinity.com\/es\/search.php?stype=cast&amp;sn&amp;stext=Neil%20Giuntoly\">Neil Giuntoly<\/a>,<\/span>\u00a0<span class=\"nb\"><a title=\"Mike Houlihan\" href=\"https:\/\/www.filmaffinity.com\/es\/search.php?stype=cast&amp;sn&amp;stext=Mike%20Houlihan\">Mike Houlihan<\/a>,<\/span>\u00a0<span class=\"nb\"><a title=\"James Otis\" href=\"https:\/\/www.filmaffinity.com\/es\/search.php?stype=cast&amp;sn&amp;stext=James%20Otis\">James Otis<\/a>,<\/span>\u00a0<span class=\"nb\"><a title=\"Rich Baker\" href=\"https:\/\/www.filmaffinity.com\/es\/search.php?stype=cast&amp;sn&amp;stext=Rich%20Baker\">Rich Baker<\/a>,<\/span>\u00a0<span class=\"nb\"><a title=\"Penelope Milford\" href=\"https:\/\/www.filmaffinity.com\/es\/search.php?stype=cast&amp;sn&amp;stext=Penelope%20Milford\">Penelope Milford<\/a>,<\/span>\u00a0<span class=\"nb\"><a title=\"Kate Walsh\" href=\"https:\/\/www.filmaffinity.com\/es\/search.php?stype=cast&amp;sn&amp;stext=Kate%20Walsh\">Kate Walsh<\/a><\/span><\/p>\n<p>G\u00e9nero<a href=\"https:\/\/www.filmaffinity.com\/es\/moviegenre.php?genre=TE&amp;attr=rat_count&amp;nodoc\">Terror<\/a><\/p>\n","protected":false},"excerpt":{"rendered":"<p>Sinopsis: Secuela de \u00abHenry, retrato de un asesino\u00bb. En su trabajo Henry conoce a Kai, una chica que lo invita a alojarse en su casa. Mientras Kai le ense\u00f1a a Henry todo lo que hay que saber para ser un pir\u00f3mano, Henry, a cambio, la instruye en todas sus t\u00e9cnicas de asesinato a sangre fr\u00eda.<\/p>\n","protected":false},"featured_media":3445,"comment_status":"open","ping_status":"closed","template":"","meta":{"site-sidebar-layout":"default","site-content-layout":"default","ast-site-content-layout":"default","site-content-style":"default","site-sidebar-style":"default","ast-global-header-display":"","ast-banner-title-visibility":"","ast-main-header-display":"","ast-hfb-above-header-display":"","ast-hfb-below-header-display":"","ast-hfb-mobile-header-display":"","site-post-title":"","ast-breadcrumbs-content":"","ast-featured-img":"","footer-sml-layout":"","ast-disable-related-posts":"","theme-transparent-header-meta":"default","adv-header-id-meta":"","stick-header-meta":"","header-above-stick-meta":"","header-main-stick-meta":"","header-below-stick-meta":"","astra-migrate-meta-layouts":"default","ast-page-background-enabled":"default","ast-page-background-meta":{"desktop":{"background-color":"","background-image":"","background-repeat":"repeat","background-position":"center center","background-size":"auto","background-attachment":"scroll","background-type":"","background-media":"","overlay-type":"","overlay-color":"","overlay-opacity":"","overlay-gradient":""},"tablet":{"background-color":"","background-image":"","background-repeat":"repeat","background-position":"center center","background-size":"auto","background-attachment":"scroll","background-type":"","background-media":"","overlay-type":"","overlay-color":"","overlay-opacity":"","overlay-gradient":""},"mobile":{"background-color":"","background-image":"","background-repeat":"repeat","background-position":"center center","background-size":"auto","background-attachment":"scroll","background-type":"","background-media":"","overlay-type":"","overlay-color":"","overlay-opacity":"","overlay-gradient":""}},"ast-content-background-meta":{"desktop":{"background-color":"var(--ast-global-color-5)","background-image":"","background-repeat":"repeat","background-position":"center center","background-size":"auto","background-attachment":"scroll","background-type":"","background-media":"","overlay-type":"","overlay-color":"","overlay-opacity":"","overlay-gradient":""},"tablet":{"background-color":"var(--ast-global-color-5)","background-image":"","background-repeat":"repeat","background-position":"center center","background-size":"auto","background-attachment":"scroll","background-type":"","background-media":"","overlay-type":"","overlay-color":"","overlay-opacity":"","overlay-gradient":""},"mobile":{"background-color":"var(--ast-global-color-5)","background-image":"","background-repeat":"repeat","background-position":"center center","background-size":"auto","background-attachment":"scroll","background-type":"","background-media":"","overlay-type":"","overlay-color":"","overlay-opacity":"","overlay-gradient":""}},"_joinchat":[]},"product_brand":[],"product_cat":[42],"product_tag":[],"class_list":{"0":"post-3444","1":"product","2":"type-product","3":"status-publish","4":"has-post-thumbnail","6":"product_cat-dvd","7":"desktop-align-left","8":"tablet-align-left","9":"mobile-align-left","11":"first","12":"instock","13":"shipping-taxable","14":"purchasable","15":"product-type-simple"},"_links":{"self":[{"href":"https:\/\/cinemasoul.es\/index.php?rest_route=\/wp\/v2\/product\/3444","targetHints":{"allow":["GET"]}}],"collection":[{"href":"https:\/\/cinemasoul.es\/index.php?rest_route=\/wp\/v2\/product"}],"about":[{"href":"https:\/\/cinemasoul.es\/index.php?rest_route=\/wp\/v2\/types\/product"}],"replies":[{"embeddable":true,"href":"https:\/\/cinemasoul.es\/index.php?rest_route=%2Fwp%2Fv2%2Fcomments&post=3444"}],"version-history":[{"count":2,"href":"https:\/\/cinemasoul.es\/index.php?rest_route=\/wp\/v2\/product\/3444\/revisions"}],"predecessor-version":[{"id":3459,"href":"https:\/\/cinemasoul.es\/index.php?rest_route=\/wp\/v2\/product\/3444\/revisions\/3459"}],"wp:featuredmedia":[{"embeddable":true,"href":"https:\/\/cinemasoul.es\/index.php?rest_route=\/wp\/v2\/media\/3445"}],"wp:attachment":[{"href":"https:\/\/cinemasoul.es\/index.php?rest_route=%2Fwp%2Fv2%2Fmedia&parent=3444"}],"wp:term":[{"taxonomy":"product_brand","embeddable":true,"href":"https:\/\/cinemasoul.es\/index.php?rest_route=%2Fwp%2Fv2%2Fproduct_brand&post=3444"},{"taxonomy":"product_cat","embeddable":true,"href":"https:\/\/cinemasoul.es\/index.php?rest_route=%2Fwp%2Fv2%2Fproduct_cat&post=3444"},{"taxonomy":"product_tag","embeddable":true,"href":"https:\/\/cinemasoul.es\/index.php?rest_route=%2Fwp%2Fv2%2Fproduct_tag&post=3444"}],"curies":[{"name":"wp","href":"https:\/\/api.w.org\/{rel}","templated":true}]}}