{"id":3441,"date":"2021-10-25T19:27:26","date_gmt":"2021-10-25T19:27:26","guid":{"rendered":"http:\/\/www.cinemasoul.es\/?post_type=product&#038;p=3441"},"modified":"2021-10-25T20:26:18","modified_gmt":"2021-10-25T20:26:18","slug":"las-girls","status":"publish","type":"product","link":"https:\/\/cinemasoul.es\/?product=las-girls","title":{"rendered":"Las Girls"},"content":{"rendered":"<p>Direcci\u00f3n: <span class=\"nb\"><a title=\"George Cukor\" href=\"https:\/\/www.filmaffinity.com\/es\/search.php?stype=director&amp;sn&amp;stext=George%20Cukor\">George Cukor<\/a><\/span><\/p>\n<p>Guion: <span class=\"nb\">John Patrick.<\/span><i>\u00a0Novela:<\/i>\u00a0<span class=\"nb\">Vera Caspary<\/span><\/p>\n<p>M\u00fasica; <span class=\"nb\">Cole Porter.<\/span><i>\u00a0Canciones:<\/i>\u00a0<span class=\"nb\">Saul Chaplin<\/span><\/p>\n<p>Fotograf\u00eda; <span class=\"nb\">Robert Surtees<\/span><\/p>\n<p>Reparto: <span class=\"nb\"><a title=\"Gene Kelly\" href=\"https:\/\/www.filmaffinity.com\/es\/search.php?stype=cast&amp;sn&amp;stext=Gene%20Kelly\">Gene Kelly<\/a>,<\/span>\u00a0<span class=\"nb\"><a title=\"Mitzi Gaynor\" href=\"https:\/\/www.filmaffinity.com\/es\/search.php?stype=cast&amp;sn&amp;stext=Mitzi%20Gaynor\">Mitzi Gaynor<\/a>,<\/span>\u00a0<span class=\"nb\"><a title=\"Kay Kendall\" href=\"https:\/\/www.filmaffinity.com\/es\/search.php?stype=cast&amp;sn&amp;stext=Kay%20Kendall\">Kay Kendall<\/a>,<\/span>\u00a0<span class=\"nb\"><a title=\"Taina Elg\" href=\"https:\/\/www.filmaffinity.com\/es\/search.php?stype=cast&amp;sn&amp;stext=Taina%20Elg\">Taina Elg<\/a>,<\/span>\u00a0<span class=\"nb\"><a title=\"Jacques Bergerac\" href=\"https:\/\/www.filmaffinity.com\/es\/search.php?stype=cast&amp;sn&amp;stext=Jacques%20Bergerac\">Jacques Bergerac<\/a>,<\/span>\u00a0<span class=\"nb\"><a title=\"Leslie Phillips\" href=\"https:\/\/www.filmaffinity.com\/es\/search.php?stype=cast&amp;sn&amp;stext=Leslie%20Phillips\">Leslie Phillips<\/a>,<\/span>\u00a0<span class=\"nb\"><a title=\"Patrick MacNee\" href=\"https:\/\/www.filmaffinity.com\/es\/search.php?stype=cast&amp;sn&amp;stext=Patrick%20MacNee\">Patrick MacNee<\/a>,<\/span>\u00a0<span class=\"nb\"><a title=\"Henry Daniell\" href=\"https:\/\/www.filmaffinity.com\/es\/search.php?stype=cast&amp;sn&amp;stext=Henry%20Daniell\">Henry Daniell<\/a><\/span><\/p>\n<p>G\u00e9nero<a href=\"https:\/\/www.filmaffinity.com\/es\/moviegenre.php?genre=MU&amp;attr=rat_count&amp;nodoc\">Musical<\/a>.\u00a0<a href=\"https:\/\/www.filmaffinity.com\/es\/moviegenre.php?genre=CO&amp;attr=rat_count&amp;nodoc\">Comedia<\/a><\/p>\n","protected":false},"excerpt":{"rendered":"<p>Sinopsis: Historia de tres encantadoras cantantes. Barry (Gene Kelly), Angele (Taina Elg), Joy (Mitzi Gaynor) y Sybil (Kay Kendall) son los miembros de Barry &amp; Les Girls, un popular grupo de cabaret europeo. La publicaci\u00f3n de escandalosas revelaciones sobre el grupo llevar\u00e1 a sus miembros a presentar una demanda ante los tribunales que desembocar\u00e1 en un juicio.<\/p>\n","protected":false},"featured_media":3442,"comment_status":"open","ping_status":"closed","template":"","meta":{"site-sidebar-layout":"default","site-content-layout":"default","ast-site-content-layout":"default","site-content-style":"default","site-sidebar-style":"default","ast-global-header-display":"","ast-banner-title-visibility":"","ast-main-header-display":"","ast-hfb-above-header-display":"","ast-hfb-below-header-display":"","ast-hfb-mobile-header-display":"","site-post-title":"","ast-breadcrumbs-content":"","ast-featured-img":"","footer-sml-layout":"","ast-disable-related-posts":"","theme-transparent-header-meta":"default","adv-header-id-meta":"","stick-header-meta":"","header-above-stick-meta":"","header-main-stick-meta":"","header-below-stick-meta":"","astra-migrate-meta-layouts":"default","ast-page-background-enabled":"default","ast-page-background-meta":{"desktop":{"background-color":"","background-image":"","background-repeat":"repeat","background-position":"center center","background-size":"auto","background-attachment":"scroll","background-type":"","background-media":"","overlay-type":"","overlay-color":"","overlay-opacity":"","overlay-gradient":""},"tablet":{"background-color":"","background-image":"","background-repeat":"repeat","background-position":"center center","background-size":"auto","background-attachment":"scroll","background-type":"","background-media":"","overlay-type":"","overlay-color":"","overlay-opacity":"","overlay-gradient":""},"mobile":{"background-color":"","background-image":"","background-repeat":"repeat","background-position":"center center","background-size":"auto","background-attachment":"scroll","background-type":"","background-media":"","overlay-type":"","overlay-color":"","overlay-opacity":"","overlay-gradient":""}},"ast-content-background-meta":{"desktop":{"background-color":"var(--ast-global-color-5)","background-image":"","background-repeat":"repeat","background-position":"center center","background-size":"auto","background-attachment":"scroll","background-type":"","background-media":"","overlay-type":"","overlay-color":"","overlay-opacity":"","overlay-gradient":""},"tablet":{"background-color":"var(--ast-global-color-5)","background-image":"","background-repeat":"repeat","background-position":"center center","background-size":"auto","background-attachment":"scroll","background-type":"","background-media":"","overlay-type":"","overlay-color":"","overlay-opacity":"","overlay-gradient":""},"mobile":{"background-color":"var(--ast-global-color-5)","background-image":"","background-repeat":"repeat","background-position":"center center","background-size":"auto","background-attachment":"scroll","background-type":"","background-media":"","overlay-type":"","overlay-color":"","overlay-opacity":"","overlay-gradient":""}},"_joinchat":[]},"product_brand":[],"product_cat":[43],"product_tag":[],"class_list":{"0":"post-3441","1":"product","2":"type-product","3":"status-publish","4":"has-post-thumbnail","6":"product_cat-bluray","7":"desktop-align-left","8":"tablet-align-left","9":"mobile-align-left","11":"first","12":"instock","13":"shipping-taxable","14":"purchasable","15":"product-type-simple"},"_links":{"self":[{"href":"https:\/\/cinemasoul.es\/index.php?rest_route=\/wp\/v2\/product\/3441","targetHints":{"allow":["GET"]}}],"collection":[{"href":"https:\/\/cinemasoul.es\/index.php?rest_route=\/wp\/v2\/product"}],"about":[{"href":"https:\/\/cinemasoul.es\/index.php?rest_route=\/wp\/v2\/types\/product"}],"replies":[{"embeddable":true,"href":"https:\/\/cinemasoul.es\/index.php?rest_route=%2Fwp%2Fv2%2Fcomments&post=3441"}],"version-history":[{"count":2,"href":"https:\/\/cinemasoul.es\/index.php?rest_route=\/wp\/v2\/product\/3441\/revisions"}],"predecessor-version":[{"id":3460,"href":"https:\/\/cinemasoul.es\/index.php?rest_route=\/wp\/v2\/product\/3441\/revisions\/3460"}],"wp:featuredmedia":[{"embeddable":true,"href":"https:\/\/cinemasoul.es\/index.php?rest_route=\/wp\/v2\/media\/3442"}],"wp:attachment":[{"href":"https:\/\/cinemasoul.es\/index.php?rest_route=%2Fwp%2Fv2%2Fmedia&parent=3441"}],"wp:term":[{"taxonomy":"product_brand","embeddable":true,"href":"https:\/\/cinemasoul.es\/index.php?rest_route=%2Fwp%2Fv2%2Fproduct_brand&post=3441"},{"taxonomy":"product_cat","embeddable":true,"href":"https:\/\/cinemasoul.es\/index.php?rest_route=%2Fwp%2Fv2%2Fproduct_cat&post=3441"},{"taxonomy":"product_tag","embeddable":true,"href":"https:\/\/cinemasoul.es\/index.php?rest_route=%2Fwp%2Fv2%2Fproduct_tag&post=3441"}],"curies":[{"name":"wp","href":"https:\/\/api.w.org\/{rel}","templated":true}]}}