{"id":3438,"date":"2021-10-25T19:23:25","date_gmt":"2021-10-25T19:23:25","guid":{"rendered":"http:\/\/www.cinemasoul.es\/?post_type=product&#038;p=3438"},"modified":"2026-02-09T19:17:25","modified_gmt":"2026-02-09T19:17:25","slug":"sheena","status":"publish","type":"product","link":"https:\/\/cinemasoul.es\/?product=sheena","title":{"rendered":"Sheena"},"content":{"rendered":"<p>Direcci\u00f3n: <span class=\"nb\"><a title=\"John Guillermin\" href=\"https:\/\/www.filmaffinity.com\/es\/search.php?stype=director&amp;sn&amp;stext=John%20Guillermin\">John Guillermin<\/a><\/span><\/p>\n<p>Guion: <span class=\"nb\">David Newman,<\/span>\u00a0<span class=\"nb\">Lorenzo Semple Jr.,<\/span>\u00a0<span class=\"nb\">Leslie Stevens.<\/span><i>\u00a0C\u00f3mic:<\/i>\u00a0<span class=\"nb\">S.M. Eiger,<\/span>\u00a0<span class=\"nb\">Will Eisner<\/span><\/p>\n<p>M\u00fasica: <span class=\"nb\">Richard Hartley<\/span><\/p>\n<p>Fotograf\u00eda; <span class=\"nb\">Pasqualino De Santis<\/span><\/p>\n<p>Reparto: <span class=\"nb\"><a title=\"Tanya Roberts\" href=\"https:\/\/www.filmaffinity.com\/es\/search.php?stype=cast&amp;sn&amp;stext=Tanya%20Roberts\">Tanya Roberts<\/a>,<\/span>\u00a0<span class=\"nb\"><a title=\"Ted Wass\" href=\"https:\/\/www.filmaffinity.com\/es\/search.php?stype=cast&amp;sn&amp;stext=Ted%20Wass\">Ted Wass<\/a>,<\/span>\u00a0<span class=\"nb\"><a title=\"Donovan Scott\" href=\"https:\/\/www.filmaffinity.com\/es\/search.php?stype=cast&amp;sn&amp;stext=Donovan%20Scott\">Donovan Scott<\/a>,<\/span>\u00a0<span class=\"nb\"><a title=\"Elizabeth Of Toro\" href=\"https:\/\/www.filmaffinity.com\/es\/search.php?stype=cast&amp;sn&amp;stext=Elizabeth%20Of%20Toro\">Elizabeth Of Toro<\/a>,<\/span>\u00a0<span class=\"nb\"><a title=\"France Zobda\" href=\"https:\/\/www.filmaffinity.com\/es\/search.php?stype=cast&amp;sn&amp;stext=France%20Zobda\">France Zobda<\/a>,<\/span>\u00a0<span class=\"nb\"><a title=\"Trevor Thomas\" href=\"https:\/\/www.filmaffinity.com\/es\/search.php?stype=cast&amp;sn&amp;stext=Trevor%20Thomas\">Trevor Thomas<\/a>,<\/span>\u00a0<span class=\"nb\"><a title=\"Clifton Jones\" href=\"https:\/\/www.filmaffinity.com\/es\/search.php?stype=cast&amp;sn&amp;stext=Clifton%20Jones\">Clifton Jones<\/a>,<\/span>\u00a0<span class=\"nb\"><a title=\"Michael Shannon\" href=\"https:\/\/www.filmaffinity.com\/es\/search.php?stype=cast&amp;sn&amp;stext=Michael%20Shannon\">Michael Shannon<\/a>,<\/span>\u00a0<span class=\"nb\"><a title=\"John Forgeham\" href=\"https:\/\/www.filmaffinity.com\/es\/search.php?stype=cast&amp;sn&amp;stext=John%20Forgeham\">John Forgeham<\/a>,<\/span>\u00a0<span class=\"nb\"><a title=\"Kathryn Gant\" href=\"https:\/\/www.filmaffinity.com\/es\/search.php?stype=cast&amp;sn&amp;stext=Kathryn%20Gant\">Kathryn Gant<\/a><\/span><\/p>\n<p>G\u00e9nero<a href=\"https:\/\/www.filmaffinity.com\/es\/moviegenre.php?genre=AV&amp;attr=rat_count&amp;nodoc\">Aventuras<\/a>.\u00a0<a href=\"https:\/\/www.filmaffinity.com\/es\/moviegenre.php?genre=FAN&amp;attr=rat_count&amp;nodoc\">Fant\u00e1stico<\/a><\/p>\n","protected":false},"excerpt":{"rendered":"<p>Sinopsis: Sheena (Tanya Roberts), la Reina de la Selva, siendo una ni\u00f1a, perdi\u00f3 a sus padres, durante un safari, y fue criada por una bruja de una tribu africana. As\u00ed, con el tiempo, adquiri\u00f3 poderes y conocimientos para comunicarse telep\u00e1ticamente con las criaturas de la selva. Convertida ya en una bella joven, vive su primer amor con Vic Casey (Ted Wass), un reportero de la televisi\u00f3n, y juntos tratar\u00e1n de frenar las ambiciones territoriales de un malvado pr\u00edncipe africano.<\/p>\n","protected":false},"featured_media":3439,"comment_status":"open","ping_status":"closed","template":"","meta":{"site-sidebar-layout":"default","site-content-layout":"default","ast-site-content-layout":"default","site-content-style":"default","site-sidebar-style":"default","ast-global-header-display":"","ast-banner-title-visibility":"","ast-main-header-display":"","ast-hfb-above-header-display":"","ast-hfb-below-header-display":"","ast-hfb-mobile-header-display":"","site-post-title":"","ast-breadcrumbs-content":"","ast-featured-img":"","footer-sml-layout":"","ast-disable-related-posts":"","theme-transparent-header-meta":"default","adv-header-id-meta":"","stick-header-meta":"","header-above-stick-meta":"","header-main-stick-meta":"","header-below-stick-meta":"","astra-migrate-meta-layouts":"default","ast-page-background-enabled":"default","ast-page-background-meta":{"desktop":{"background-color":"","background-image":"","background-repeat":"repeat","background-position":"center center","background-size":"auto","background-attachment":"scroll","background-type":"","background-media":"","overlay-type":"","overlay-color":"","overlay-opacity":"","overlay-gradient":""},"tablet":{"background-color":"","background-image":"","background-repeat":"repeat","background-position":"center center","background-size":"auto","background-attachment":"scroll","background-type":"","background-media":"","overlay-type":"","overlay-color":"","overlay-opacity":"","overlay-gradient":""},"mobile":{"background-color":"","background-image":"","background-repeat":"repeat","background-position":"center center","background-size":"auto","background-attachment":"scroll","background-type":"","background-media":"","overlay-type":"","overlay-color":"","overlay-opacity":"","overlay-gradient":""}},"ast-content-background-meta":{"desktop":{"background-color":"var(--ast-global-color-5)","background-image":"","background-repeat":"repeat","background-position":"center center","background-size":"auto","background-attachment":"scroll","background-type":"","background-media":"","overlay-type":"","overlay-color":"","overlay-opacity":"","overlay-gradient":""},"tablet":{"background-color":"var(--ast-global-color-5)","background-image":"","background-repeat":"repeat","background-position":"center center","background-size":"auto","background-attachment":"scroll","background-type":"","background-media":"","overlay-type":"","overlay-color":"","overlay-opacity":"","overlay-gradient":""},"mobile":{"background-color":"var(--ast-global-color-5)","background-image":"","background-repeat":"repeat","background-position":"center center","background-size":"auto","background-attachment":"scroll","background-type":"","background-media":"","overlay-type":"","overlay-color":"","overlay-opacity":"","overlay-gradient":""}},"_joinchat":[]},"product_brand":[],"product_cat":[42],"product_tag":[],"class_list":{"0":"post-3438","1":"product","2":"type-product","3":"status-publish","4":"has-post-thumbnail","6":"product_cat-dvd","7":"desktop-align-left","8":"tablet-align-left","9":"mobile-align-left","11":"first","12":"instock","13":"shipping-taxable","14":"purchasable","15":"product-type-simple"},"_links":{"self":[{"href":"https:\/\/cinemasoul.es\/index.php?rest_route=\/wp\/v2\/product\/3438","targetHints":{"allow":["GET"]}}],"collection":[{"href":"https:\/\/cinemasoul.es\/index.php?rest_route=\/wp\/v2\/product"}],"about":[{"href":"https:\/\/cinemasoul.es\/index.php?rest_route=\/wp\/v2\/types\/product"}],"replies":[{"embeddable":true,"href":"https:\/\/cinemasoul.es\/index.php?rest_route=%2Fwp%2Fv2%2Fcomments&post=3438"}],"version-history":[{"count":2,"href":"https:\/\/cinemasoul.es\/index.php?rest_route=\/wp\/v2\/product\/3438\/revisions"}],"predecessor-version":[{"id":3461,"href":"https:\/\/cinemasoul.es\/index.php?rest_route=\/wp\/v2\/product\/3438\/revisions\/3461"}],"wp:featuredmedia":[{"embeddable":true,"href":"https:\/\/cinemasoul.es\/index.php?rest_route=\/wp\/v2\/media\/3439"}],"wp:attachment":[{"href":"https:\/\/cinemasoul.es\/index.php?rest_route=%2Fwp%2Fv2%2Fmedia&parent=3438"}],"wp:term":[{"taxonomy":"product_brand","embeddable":true,"href":"https:\/\/cinemasoul.es\/index.php?rest_route=%2Fwp%2Fv2%2Fproduct_brand&post=3438"},{"taxonomy":"product_cat","embeddable":true,"href":"https:\/\/cinemasoul.es\/index.php?rest_route=%2Fwp%2Fv2%2Fproduct_cat&post=3438"},{"taxonomy":"product_tag","embeddable":true,"href":"https:\/\/cinemasoul.es\/index.php?rest_route=%2Fwp%2Fv2%2Fproduct_tag&post=3438"}],"curies":[{"name":"wp","href":"https:\/\/api.w.org\/{rel}","templated":true}]}}