{"id":3435,"date":"2021-10-25T19:13:58","date_gmt":"2021-10-25T19:13:58","guid":{"rendered":"http:\/\/www.cinemasoul.es\/?post_type=product&#038;p=3435"},"modified":"2021-10-25T20:27:50","modified_gmt":"2021-10-25T20:27:50","slug":"noche-y-dia","status":"publish","type":"product","link":"https:\/\/cinemasoul.es\/?product=noche-y-dia","title":{"rendered":"Noche y Dia"},"content":{"rendered":"<p>Direcci\u00f3n: <span class=\"nb\"><a title=\"James Mangold\" href=\"https:\/\/www.filmaffinity.com\/es\/search.php?stype=director&amp;sn&amp;stext=James%20Mangold\">James Mangold<\/a><\/span><\/p>\n<p>Guion: <span class=\"nb\">Patrick O&#8217;Neill<\/span><\/p>\n<p>M\u00fasica: <span class=\"nb\">John Powell<\/span><\/p>\n<p>Fotograf\u00eda: <span class=\"nb\">Phedon Papamichael<\/span><\/p>\n<p>Reparto: <span class=\"nb\"><a title=\"Tom Cruise\" href=\"https:\/\/www.filmaffinity.com\/es\/search.php?stype=cast&amp;sn&amp;stext=Tom%20Cruise\">Tom Cruise<\/a>,<\/span>\u00a0<span class=\"nb\"><a title=\"Cameron Diaz\" href=\"https:\/\/www.filmaffinity.com\/es\/search.php?stype=cast&amp;sn&amp;stext=Cameron%20Diaz\">Cameron Diaz<\/a>,<\/span>\u00a0<span class=\"nb\"><a title=\"Peter Sarsgaard\" href=\"https:\/\/www.filmaffinity.com\/es\/search.php?stype=cast&amp;sn&amp;stext=Peter%20Sarsgaard\">Peter Sarsgaard<\/a>,<\/span>\u00a0<span class=\"nb\"><a title=\"Paul Dano\" href=\"https:\/\/www.filmaffinity.com\/es\/search.php?stype=cast&amp;sn&amp;stext=Paul%20Dano\">Paul Dano<\/a>,<\/span>\u00a0<span class=\"nb\"><a title=\"Jordi Moll\u00e0\" href=\"https:\/\/www.filmaffinity.com\/es\/search.php?stype=cast&amp;sn&amp;stext=Jordi%20Moll%C3%A0\">Jordi Moll\u00e0<\/a>,<\/span>\u00a0<span class=\"nb\"><a title=\"Maggie Grace\" href=\"https:\/\/www.filmaffinity.com\/es\/search.php?stype=cast&amp;sn&amp;stext=Maggie%20Grace\">Maggie Grace<\/a>,<\/span>\u00a0<span class=\"nb\"><a title=\"Marc Blucas\" href=\"https:\/\/www.filmaffinity.com\/es\/search.php?stype=cast&amp;sn&amp;stext=Marc%20Blucas\">Marc Blucas<\/a>,<\/span>\u00a0<span class=\"nb\"><a title=\"Viola Davis\" href=\"https:\/\/www.filmaffinity.com\/es\/search.php?stype=cast&amp;sn&amp;stext=Viola%20Davis\">Viola Davis<\/a>,<\/span>\u00a0<span class=\"nb\"><a title=\"Celia Weston\" href=\"https:\/\/www.filmaffinity.com\/es\/search.php?stype=cast&amp;sn&amp;stext=Celia%20Weston\">Celia Weston<\/a>,<\/span>\u00a0<span class=\"nb\"><a title=\"Dale Dye\" href=\"https:\/\/www.filmaffinity.com\/es\/search.php?stype=cast&amp;sn&amp;stext=Dale%20Dye\">Dale Dye<\/a>,<\/span>\u00a0<span class=\"nb\"><a title=\"Gal Gadot\" href=\"https:\/\/www.filmaffinity.com\/es\/search.php?stype=cast&amp;sn&amp;stext=Gal%20Gadot\">Gal Gadot<\/a>,<\/span>\u00a0<span class=\"nb\"><a title=\"Falk Hentschel\" href=\"https:\/\/www.filmaffinity.com\/es\/search.php?stype=cast&amp;sn&amp;stext=Falk%20Hentschel\">Falk Hentschel<\/a>,<\/span>\u00a0<span class=\"nb\"><a title=\"Lennie Loftin\" href=\"https:\/\/www.filmaffinity.com\/es\/search.php?stype=cast&amp;sn&amp;stext=Lennie%20Loftin\">Lennie Loftin<\/a>,<\/span>\u00a0<span class=\"see-more-credits\">ver 22 m\u00e1s<\/span><\/p>\n<p>G\u00e9nero: <a href=\"https:\/\/www.filmaffinity.com\/es\/moviegenre.php?genre=AC&amp;attr=rat_count&amp;nodoc\">Acci\u00f3n<\/a>.\u00a0<a href=\"https:\/\/www.filmaffinity.com\/es\/moviegenre.php?genre=AV&amp;attr=rat_count&amp;nodoc\">Aventuras<\/a>.\u00a0<a href=\"https:\/\/www.filmaffinity.com\/es\/moviegenre.php?genre=CO&amp;attr=rat_count&amp;nodoc\">Comedia<\/a>.\u00a0<a href=\"https:\/\/www.filmaffinity.com\/es\/moviegenre.php?genre=RO&amp;attr=rat_count&amp;nodoc\">Romance<\/a>\u00a0|\u00a0<a href=\"https:\/\/www.filmaffinity.com\/es\/movietopic.php?topic=405147&amp;attr=rat_count&amp;nodoc\">Espionaje<\/a><\/p>\n","protected":false},"excerpt":{"rendered":"<p>Sinopsis: Una pareja vive rom\u00e1nticas y peligrosas aventuras por todo el mundo: ella es una mujer normal que tiene que acudir a una boda, y \u00e9l parece un agente secreto. Ambos se vuelven a ver una y otra vez en los lugares m\u00e1s diversos; parece que est\u00e1n condenados a encontrarse y verse implicados en una serie de persecuciones donde nadie es quien parece ser.<\/p>\n","protected":false},"featured_media":3436,"comment_status":"open","ping_status":"closed","template":"","meta":{"site-sidebar-layout":"default","site-content-layout":"default","ast-site-content-layout":"default","site-content-style":"default","site-sidebar-style":"default","ast-global-header-display":"","ast-banner-title-visibility":"","ast-main-header-display":"","ast-hfb-above-header-display":"","ast-hfb-below-header-display":"","ast-hfb-mobile-header-display":"","site-post-title":"","ast-breadcrumbs-content":"","ast-featured-img":"","footer-sml-layout":"","ast-disable-related-posts":"","theme-transparent-header-meta":"default","adv-header-id-meta":"","stick-header-meta":"","header-above-stick-meta":"","header-main-stick-meta":"","header-below-stick-meta":"","astra-migrate-meta-layouts":"default","ast-page-background-enabled":"default","ast-page-background-meta":{"desktop":{"background-color":"","background-image":"","background-repeat":"repeat","background-position":"center center","background-size":"auto","background-attachment":"scroll","background-type":"","background-media":"","overlay-type":"","overlay-color":"","overlay-opacity":"","overlay-gradient":""},"tablet":{"background-color":"","background-image":"","background-repeat":"repeat","background-position":"center center","background-size":"auto","background-attachment":"scroll","background-type":"","background-media":"","overlay-type":"","overlay-color":"","overlay-opacity":"","overlay-gradient":""},"mobile":{"background-color":"","background-image":"","background-repeat":"repeat","background-position":"center center","background-size":"auto","background-attachment":"scroll","background-type":"","background-media":"","overlay-type":"","overlay-color":"","overlay-opacity":"","overlay-gradient":""}},"ast-content-background-meta":{"desktop":{"background-color":"var(--ast-global-color-5)","background-image":"","background-repeat":"repeat","background-position":"center center","background-size":"auto","background-attachment":"scroll","background-type":"","background-media":"","overlay-type":"","overlay-color":"","overlay-opacity":"","overlay-gradient":""},"tablet":{"background-color":"var(--ast-global-color-5)","background-image":"","background-repeat":"repeat","background-position":"center center","background-size":"auto","background-attachment":"scroll","background-type":"","background-media":"","overlay-type":"","overlay-color":"","overlay-opacity":"","overlay-gradient":""},"mobile":{"background-color":"var(--ast-global-color-5)","background-image":"","background-repeat":"repeat","background-position":"center center","background-size":"auto","background-attachment":"scroll","background-type":"","background-media":"","overlay-type":"","overlay-color":"","overlay-opacity":"","overlay-gradient":""}},"_joinchat":[]},"product_brand":[],"product_cat":[42],"product_tag":[],"class_list":{"0":"post-3435","1":"product","2":"type-product","3":"status-publish","4":"has-post-thumbnail","6":"product_cat-dvd","7":"desktop-align-left","8":"tablet-align-left","9":"mobile-align-left","11":"first","12":"instock","13":"shipping-taxable","14":"purchasable","15":"product-type-simple"},"_links":{"self":[{"href":"https:\/\/cinemasoul.es\/index.php?rest_route=\/wp\/v2\/product\/3435","targetHints":{"allow":["GET"]}}],"collection":[{"href":"https:\/\/cinemasoul.es\/index.php?rest_route=\/wp\/v2\/product"}],"about":[{"href":"https:\/\/cinemasoul.es\/index.php?rest_route=\/wp\/v2\/types\/product"}],"replies":[{"embeddable":true,"href":"https:\/\/cinemasoul.es\/index.php?rest_route=%2Fwp%2Fv2%2Fcomments&post=3435"}],"version-history":[{"count":2,"href":"https:\/\/cinemasoul.es\/index.php?rest_route=\/wp\/v2\/product\/3435\/revisions"}],"predecessor-version":[{"id":3462,"href":"https:\/\/cinemasoul.es\/index.php?rest_route=\/wp\/v2\/product\/3435\/revisions\/3462"}],"wp:featuredmedia":[{"embeddable":true,"href":"https:\/\/cinemasoul.es\/index.php?rest_route=\/wp\/v2\/media\/3436"}],"wp:attachment":[{"href":"https:\/\/cinemasoul.es\/index.php?rest_route=%2Fwp%2Fv2%2Fmedia&parent=3435"}],"wp:term":[{"taxonomy":"product_brand","embeddable":true,"href":"https:\/\/cinemasoul.es\/index.php?rest_route=%2Fwp%2Fv2%2Fproduct_brand&post=3435"},{"taxonomy":"product_cat","embeddable":true,"href":"https:\/\/cinemasoul.es\/index.php?rest_route=%2Fwp%2Fv2%2Fproduct_cat&post=3435"},{"taxonomy":"product_tag","embeddable":true,"href":"https:\/\/cinemasoul.es\/index.php?rest_route=%2Fwp%2Fv2%2Fproduct_tag&post=3435"}],"curies":[{"name":"wp","href":"https:\/\/api.w.org\/{rel}","templated":true}]}}